{"id":1062,"date":"2016-08-08T16:58:00","date_gmt":"2016-08-08T14:58:00","guid":{"rendered":"https:\/\/www.pro-automation.eu\/?page_id=1062"},"modified":"2023-10-04T16:46:15","modified_gmt":"2023-10-04T14:46:15","slug":"loesungen-schraubtechnik","status":"publish","type":"page","link":"https:\/\/www.pro-automation.eu\/index.php\/loesungen-schraubtechnik\/","title":{"rendered":"L\u00f6sungen f\u00fcr Schraubtechnik"},"content":{"rendered":"<p>[et_pb_section fb_built=&#8220;1&#8243; admin_label=&#8220;section&#8220; _builder_version=&#8220;4.16&#8243; global_colors_info=&#8220;{}&#8220;][et_pb_row admin_label=&#8220;row&#8220; _builder_version=&#8220;4.19.4&#8243; background_size=&#8220;initial&#8220; background_position=&#8220;top_left&#8220; background_repeat=&#8220;repeat&#8220; custom_margin_tablet=&#8220;-50px||-80px||false|false&#8220; custom_margin_phone=&#8220;-50px||-80px||false|false&#8220; custom_margin_last_edited=&#8220;on|tablet&#8220; locked=&#8220;off&#8220; global_colors_info=&#8220;{}&#8220;][et_pb_column type=&#8220;4_4&#8243; _builder_version=&#8220;4.16&#8243; custom_padding=&#8220;|||&#8220; global_colors_info=&#8220;{}&#8220; custom_padding__hover=&#8220;|||&#8220;][et_pb_divider show_divider=&#8220;off&#8220; disabled_on=&#8220;on|on|off&#8220; admin_label=&#8220;Teiler&#8220; _builder_version=&#8220;4.16&#8243; height=&#8220;10px&#8220; hide_on_mobile=&#8220;on&#8220; global_colors_info=&#8220;{}&#8220;] [\/et_pb_divider][et_pb_divider show_divider=&#8220;off&#8220; disabled_on=&#8220;on|on|off&#8220; admin_label=&#8220;Teiler&#8220; _builder_version=&#8220;4.16&#8243; height=&#8220;10px&#8220; hide_on_mobile=&#8220;on&#8220; global_colors_info=&#8220;{}&#8220;] [\/et_pb_divider][et_pb_text admin_label=&#8220;H1 &#8211; Industrielle Bildverarbeitung&#8220; _builder_version=&#8220;4.19.4&#8243; background_size=&#8220;initial&#8220; background_position=&#8220;top_left&#8220; background_repeat=&#8220;repeat&#8220; custom_padding=&#8220;15px||10px|15px|false|false&#8220; border_width_all=&#8220;1px&#8220; border_color_all=&#8220;#000000&#8243; use_border_color=&#8220;off&#8220; border_color=&#8220;#ffffff&#8220; border_style=&#8220;solid&#8220; global_colors_info=&#8220;{}&#8220;]<\/p>\n<h1>Schraubtechnik<\/h1>\n<p>[\/et_pb_text][et_pb_divider show_divider=&#8220;off&#8220; disabled_on=&#8220;on|on|off&#8220; admin_label=&#8220;Teiler&#8220; _builder_version=&#8220;4.16&#8243; height=&#8220;2px&#8220; hide_on_mobile=&#8220;on&#8220; global_colors_info=&#8220;{}&#8220;] [\/et_pb_divider][\/et_pb_column][\/et_pb_row][\/et_pb_section][et_pb_section fb_built=&#8220;1&#8243; _builder_version=&#8220;4.19.4&#8243; hover_enabled=&#8220;0&#8243; global_colors_info=&#8220;{}&#8220; custom_margin_last_edited=&#8220;on|tablet&#8220; custom_margin_tablet=&#8220;-50px||||false|false&#8220; sticky_enabled=&#8220;0&#8243; custom_margin_phone=&#8220;-50px||||false|false&#8220;][et_pb_row column_structure=&#8220;1_2,1_2&#8243; _builder_version=&#8220;4.19.4&#8243; background_size=&#8220;initial&#8220; background_position=&#8220;top_left&#8220; background_repeat=&#8220;repeat&#8220; box_shadow_style=&#8220;preset2&#8243; global_colors_info=&#8220;{}&#8220;][et_pb_column type=&#8220;1_2&#8243; _builder_version=&#8220;4.16&#8243; custom_padding=&#8220;|||&#8220; global_colors_info=&#8220;{}&#8220; custom_padding__hover=&#8220;|||&#8220;][et_pb_text _builder_version=&#8220;4.19.4&#8243; text_text_color=&#8220;#000000&#8243; text_font_size=&#8220;18px&#8220; background_enable_color=&#8220;off&#8220; background_size=&#8220;initial&#8220; background_position=&#8220;top_left&#8220; background_repeat=&#8220;repeat&#8220; custom_padding=&#8220;40px|20px|40px|20px|true|false&#8220; custom_padding_tablet=&#8220;0px|20px|0px|20px|true|false&#8220; custom_padding_phone=&#8220;0px|20px|0px|20px|true|false&#8220; custom_padding_last_edited=&#8220;on|tablet&#8220; use_border_color=&#8220;off&#8220; border_color=&#8220;#ffffff&#8220; border_style=&#8220;solid&#8220; global_colors_info=&#8220;{}&#8220;]<\/p>\n<h2>Schraubtechnik als Spezialgebiet der Automatisierung<\/h2>\n<p>Schraubverbindungen geh\u00f6ren zu der Kategorie der l\u00f6sbaren Verbindungen. Trotz relativ hohem Arbeitsaufwand und umfangreichen Kosten punktet diese F\u00fcge-Methode mit bedeutenden Vorteilen und bleibt deswegen eine der h\u00e4ufigsten Montageverfahren. Zu den oben erw\u00e4hnten Vorteilen geh\u00f6ren der problemlose Austausch der Verschlei\u00dfelemente, die M\u00f6glichkeit, unterschiedliche Stoffe zu verbinden, und die M\u00f6glichkeit der Montage und Demontage der einzelnen Komponenten.<\/p>\n<p>Doch um diese Eigenschaften zu gew\u00e4hrleisten, m\u00fcssen komplizierte Schraubprozesse gemeistert werden. Der Konstruktion wird dabei eine Menge abverlangt. Von der Schraubfallanalyse bis zur Programmierung verschiedener Schraubparameter werden einheitliche L\u00f6sungen gebraucht. Diese sind sehr spezifisch und geh\u00f6ren zu einem Know-how-Bereich namens Schraubtechnik.<\/p>\n<p>Um eine Schraubapplikation erfolgreich zu konzipieren, reichen allgemeine Erfahrungen im Maschinenbau nicht aus \u2013 hier sind Schraubtechnikspezialisten gefragt. Nach einer umfassenden Analyse des Produktionsprozesses und einer endg\u00fcltigen Kl\u00e4rung der Aufgabenstellung werden diese Spezifika deutlicher.<\/p>\n<p>Die Welt der Schraubtechnik ist viel gr\u00f6\u00dfer als der Erfahrungsbereich um den Drehmoment und den Drehwinkel oder das Erreichen der vordefinierten Spannung im Schraubenschaft. Die Konstruktion eines Schraubers ist ein sehr komplexer Prozess. Auch ist der Markt der wichtigsten Komponenten f\u00fcr den Bereich sehr breit.<\/p>\n<p>Die Auswahl der Schraubspindel und der Controller, die Fertigung von Pr\u00e4zisionsteilen wie zum Beispiel Abtriebswellen und vieles mehr m\u00fcssen einheitlich abgewickelt werden. Genau deswegen bieten wir unseren Kunden Komplettl\u00f6sungen in Bezug auf<\/p>\n<ul>\n<li>Schraubtechnik \u2013 Konzept<\/li>\n<li>die Automatisierung des Schraubprozesses<\/li>\n<li>SPS-Programmierung.<\/li>\n<\/ul>\n<p>Dabei arbeiten wir herstellerunabh\u00e4ngig und konzentrieren uns auf die Integration der Schraubwerkzeuge aller europ\u00e4ischen Hersteller. Noch ein Grund, warum unsere Erfahrungen mit der Schraubtechnik sehr vielf\u00e4ltig sind.<br \/>In Bezug auf diesen Anwendungsbereich k\u00f6nnen wir folgende Referenzen nachweisen (die unten stehende Liste bildet nur einige von Hunderten unserer Referenzen ab).<\/p>\n<ul>\n<li>Automobilindustrie<\/li>\n<li>Windkraftanlagen<\/li>\n<li>Solarindustrie<\/li>\n<\/ul>\n<p>Bei der Automatisierung der Schraubprozesse greifen wir auf modernste Technik wie beispielsweise die industrielle Bildverarbeitung zur\u00fcck und entwickeln Robotik-Applikationen f\u00fcr industrielle Produktionsprozesse.<br \/>Bereits vor Jahrzehnten programmierten wir im Rahmen unserer Key-Solutions die entsprechenden Steuermodule f\u00fcr die Schraubtechnik. Heute ist der Software-Anteil in einer automatisierten Applikation deutlich gestiegen. Au\u00dfer der SPS-Programmierung ist die Programmierung der Roboter und die Bearbeitung der durch Smart-Kamera gewonnenen Daten vonn\u00f6ten. Nicht weniger wichtig ist die Dokumentation aller Ereignisse. Alle oben beschriebenen und viele andere Schritte bilden einen einheitlichen und komplizierten Entwicklungsprozess mit branchenspezifischen Anforderungen. Wir bieten Ihnen unsere Erfahrungen in diesem Bereich an.<\/p>\n<p>[\/et_pb_text][\/et_pb_column][et_pb_column type=&#8220;1_2&#8243; _builder_version=&#8220;4.16&#8243; custom_padding=&#8220;|||&#8220; global_colors_info=&#8220;{}&#8220; custom_padding__hover=&#8220;|||&#8220;][et_pb_blog fullwidth=&#8220;off&#8220; posts_number=&#8220;3&#8243; include_categories=&#8220;5&#8243; show_author=&#8220;off&#8220; show_date=&#8220;off&#8220; show_categories=&#8220;off&#8220; show_pagination=&#8220;off&#8220; _builder_version=&#8220;4.19.4&#8243; custom_margin=&#8220;34px|20px|||false|false&#8220; use_border_color=&#8220;off&#8220; border_color=&#8220;#ffffff&#8220; border_style=&#8220;solid&#8220; use_dropshadow=&#8220;off&#8220; global_colors_info=&#8220;{}&#8220;]&nbsp;<br \/>\n[\/et_pb_blog][\/et_pb_column][\/et_pb_row][et_pb_row _builder_version=&#8220;4.16&#8243; global_colors_info=&#8220;{}&#8220;][et_pb_column type=&#8220;4_4&#8243; _builder_version=&#8220;4.16&#8243; global_colors_info=&#8220;{}&#8220;][et_pb_divider show_divider=&#8220;off&#8220; disabled_on=&#8220;on|on|off&#8220; _builder_version=&#8220;4.16&#8243; height=&#8220;30px&#8220; max_height=&#8220;30px&#8220; hide_on_mobile=&#8220;on&#8220; global_colors_info=&#8220;{}&#8220;]&nbsp;<br \/>\n[\/et_pb_divider][\/et_pb_column][\/et_pb_row][et_pb_row column_structure=&#8220;1_4,1_4,1_4,1_4&#8243; _builder_version=&#8220;4.16&#8243; background_size=&#8220;initial&#8220; background_position=&#8220;top_left&#8220; background_repeat=&#8220;repeat&#8220; global_colors_info=&#8220;{}&#8220;][et_pb_column type=&#8220;1_4&#8243; _builder_version=&#8220;4.16&#8243; custom_padding=&#8220;|||&#8220; global_colors_info=&#8220;{}&#8220; custom_padding__hover=&#8220;|||&#8220;][et_pb_button button_url=&#8220;https:\/\/www.pro-automation.eu\/index.php\/loesungen-schraubtechnik\/u-bolt-schrauber\/&#8220; url_new_window=&#8220;on&#8220; button_text=&#8220;U-Bolt-Schrauber &#8220; button_alignment=&#8220;left&#8220; admin_label=&#8220;Taste %22U-Bolt%22&#8243; _builder_version=&#8220;4.16&#8243; custom_button=&#8220;on&#8220; button_text_color=&#8220;#757575&#8243; button_bg_color=&#8220;#f4f4f4&#8243; global_colors_info=&#8220;{}&#8220; button_text_size__hover_enabled=&#8220;off&#8220; button_one_text_size__hover_enabled=&#8220;off&#8220; button_two_text_size__hover_enabled=&#8220;off&#8220; button_text_color__hover_enabled=&#8220;off&#8220; button_one_text_color__hover_enabled=&#8220;off&#8220; button_two_text_color__hover_enabled=&#8220;off&#8220; button_border_width__hover_enabled=&#8220;off&#8220; button_one_border_width__hover_enabled=&#8220;off&#8220; button_two_border_width__hover_enabled=&#8220;off&#8220; button_border_color__hover_enabled=&#8220;off&#8220; button_one_border_color__hover_enabled=&#8220;off&#8220; button_two_border_color__hover_enabled=&#8220;off&#8220; button_border_radius__hover_enabled=&#8220;off&#8220; button_one_border_radius__hover_enabled=&#8220;off&#8220; button_two_border_radius__hover_enabled=&#8220;off&#8220; button_letter_spacing__hover_enabled=&#8220;off&#8220; button_one_letter_spacing__hover_enabled=&#8220;off&#8220; button_two_letter_spacing__hover_enabled=&#8220;off&#8220; button_bg_color__hover_enabled=&#8220;off&#8220; button_one_bg_color__hover_enabled=&#8220;off&#8220; button_two_bg_color__hover_enabled=&#8220;off&#8220;]&nbsp;<br \/>\n[\/et_pb_button][\/et_pb_column][et_pb_column type=&#8220;1_4&#8243; _builder_version=&#8220;4.16&#8243; custom_padding=&#8220;|||&#8220; global_colors_info=&#8220;{}&#8220; custom_padding__hover=&#8220;|||&#8220;][et_pb_button button_url=&#8220;https:\/\/www.pro-automation.eu\/index.php\/manipulatoren\/&#8220; url_new_window=&#8220;on&#8220; button_text=&#8220;Handling-Systeme&#8220; button_alignment=&#8220;left&#8220; admin_label=&#8220;Taste %22Handling%22&#8243; _builder_version=&#8220;4.16&#8243; custom_button=&#8220;on&#8220; button_text_color=&#8220;#757575&#8243; button_bg_color=&#8220;#f4f4f4&#8243; global_colors_info=&#8220;{}&#8220; button_text_size__hover_enabled=&#8220;off&#8220; button_one_text_size__hover_enabled=&#8220;off&#8220; button_two_text_size__hover_enabled=&#8220;off&#8220; button_text_color__hover_enabled=&#8220;off&#8220; button_one_text_color__hover_enabled=&#8220;off&#8220; button_two_text_color__hover_enabled=&#8220;off&#8220; button_border_width__hover_enabled=&#8220;off&#8220; button_one_border_width__hover_enabled=&#8220;off&#8220; button_two_border_width__hover_enabled=&#8220;off&#8220; button_border_color__hover_enabled=&#8220;off&#8220; button_one_border_color__hover_enabled=&#8220;off&#8220; button_two_border_color__hover_enabled=&#8220;off&#8220; button_border_radius__hover_enabled=&#8220;off&#8220; button_one_border_radius__hover_enabled=&#8220;off&#8220; button_two_border_radius__hover_enabled=&#8220;off&#8220; button_letter_spacing__hover_enabled=&#8220;off&#8220; button_one_letter_spacing__hover_enabled=&#8220;off&#8220; button_two_letter_spacing__hover_enabled=&#8220;off&#8220; button_bg_color__hover_enabled=&#8220;off&#8220; button_one_bg_color__hover_enabled=&#8220;off&#8220; button_two_bg_color__hover_enabled=&#8220;off&#8220;]&nbsp;<br \/>\n[\/et_pb_button][\/et_pb_column][et_pb_column type=&#8220;1_4&#8243; _builder_version=&#8220;4.16&#8243; custom_padding=&#8220;|||&#8220; global_colors_info=&#8220;{}&#8220; custom_padding__hover=&#8220;|||&#8220;][et_pb_button button_url=&#8220;https:\/\/www.pro-automation.eu\/index.php\/loesungen-schraubtechnik\/gegenhalter\/&#8220; url_new_window=&#8220;on&#8220; button_text=&#8220;Gegenhalter&#8220; button_alignment=&#8220;left&#8220; admin_label=&#8220;Taste %22Gegenhalter%22&#8243; _builder_version=&#8220;4.16&#8243; custom_button=&#8220;on&#8220; button_text_color=&#8220;#757575&#8243; button_bg_color=&#8220;#f4f4f4&#8243; global_colors_info=&#8220;{}&#8220; button_text_size__hover_enabled=&#8220;off&#8220; button_one_text_size__hover_enabled=&#8220;off&#8220; button_two_text_size__hover_enabled=&#8220;off&#8220; button_text_color__hover_enabled=&#8220;off&#8220; button_one_text_color__hover_enabled=&#8220;off&#8220; button_two_text_color__hover_enabled=&#8220;off&#8220; button_border_width__hover_enabled=&#8220;off&#8220; button_one_border_width__hover_enabled=&#8220;off&#8220; button_two_border_width__hover_enabled=&#8220;off&#8220; button_border_color__hover_enabled=&#8220;off&#8220; button_one_border_color__hover_enabled=&#8220;off&#8220; button_two_border_color__hover_enabled=&#8220;off&#8220; button_border_radius__hover_enabled=&#8220;off&#8220; button_one_border_radius__hover_enabled=&#8220;off&#8220; button_two_border_radius__hover_enabled=&#8220;off&#8220; button_letter_spacing__hover_enabled=&#8220;off&#8220; button_one_letter_spacing__hover_enabled=&#8220;off&#8220; button_two_letter_spacing__hover_enabled=&#8220;off&#8220; button_bg_color__hover_enabled=&#8220;off&#8220; button_one_bg_color__hover_enabled=&#8220;off&#8220; button_two_bg_color__hover_enabled=&#8220;off&#8220;]&nbsp;<br \/>\n[\/et_pb_button][\/et_pb_column][et_pb_column type=&#8220;1_4&#8243; _builder_version=&#8220;4.16&#8243; custom_padding=&#8220;|||&#8220; global_colors_info=&#8220;{}&#8220; custom_padding__hover=&#8220;|||&#8220;][\/et_pb_column][\/et_pb_row][et_pb_row _builder_version=&#8220;4.16&#8243; background_size=&#8220;initial&#8220; background_position=&#8220;top_left&#8220; background_repeat=&#8220;repeat&#8220; global_colors_info=&#8220;{}&#8220;][et_pb_column type=&#8220;4_4&#8243; _builder_version=&#8220;4.16&#8243; custom_padding=&#8220;|||&#8220; global_colors_info=&#8220;{}&#8220; custom_padding__hover=&#8220;|||&#8220;][et_pb_divider show_divider=&#8220;off&#8220; disabled_on=&#8220;on|on|off&#8220; _builder_version=&#8220;4.16&#8243; hide_on_mobile=&#8220;on&#8220; global_colors_info=&#8220;{}&#8220;]&nbsp;<br \/>\n[\/et_pb_divider][\/et_pb_column][\/et_pb_row][\/et_pb_section][et_pb_section fb_built=&#8220;1&#8243; _builder_version=&#8220;4.16&#8243; global_colors_info=&#8220;{}&#8220;][et_pb_row _builder_version=&#8220;4.16&#8243; background_size=&#8220;initial&#8220; background_position=&#8220;top_left&#8220; background_repeat=&#8220;repeat&#8220; global_colors_info=&#8220;{}&#8220;][et_pb_column type=&#8220;4_4&#8243; _builder_version=&#8220;4.16&#8243; custom_padding=&#8220;|||&#8220; global_colors_info=&#8220;{}&#8220; custom_padding__hover=&#8220;|||&#8220;][et_pb_divider show_divider=&#8220;off&#8220; disabled_on=&#8220;on|on|off&#8220; _builder_version=&#8220;4.16&#8243; height=&#8220;2px&#8220; hide_on_mobile=&#8220;on&#8220; global_colors_info=&#8220;{}&#8220;]&nbsp;<br \/>\n[\/et_pb_divider][et_pb_divider show_divider=&#8220;off&#8220; disabled_on=&#8220;on|on|off&#8220; _builder_version=&#8220;4.16&#8243; height=&#8220;2px&#8220; hide_on_mobile=&#8220;on&#8220; global_colors_info=&#8220;{}&#8220;]&nbsp;<br \/>\n[\/et_pb_divider][\/et_pb_column][\/et_pb_row][\/et_pb_section]<\/p>\n","protected":false},"excerpt":{"rendered":"<p>Schraubtechnik Schraubtechnik als Spezialgebiet der Automatisierung Schraubverbindungen geh\u00f6ren zu der Kategorie der l\u00f6sbaren Verbindungen. Trotz relativ hohem Arbeitsaufwand und umfangreichen Kosten punktet diese F\u00fcge-Methode mit bedeutenden Vorteilen und bleibt deswegen eine der h\u00e4ufigsten Montageverfahren. Zu den oben erw\u00e4hnten Vorteilen geh\u00f6ren der problemlose Austausch der Verschlei\u00dfelemente, die M\u00f6glichkeit, unterschiedliche Stoffe zu verbinden, und die M\u00f6glichkeit der [&hellip;]<\/p>\n","protected":false},"author":1,"featured_media":344,"parent":0,"menu_order":0,"comment_status":"closed","ping_status":"closed","template":"","meta":{"_et_pb_use_builder":"on","_et_pb_old_content":"","_et_gb_content_width":"","footnotes":""},"class_list":["post-1062","page","type-page","status-publish","has-post-thumbnail","hentry"],"_links":{"self":[{"href":"https:\/\/www.pro-automation.eu\/index.php\/wp-json\/wp\/v2\/pages\/1062","targetHints":{"allow":["GET"]}}],"collection":[{"href":"https:\/\/www.pro-automation.eu\/index.php\/wp-json\/wp\/v2\/pages"}],"about":[{"href":"https:\/\/www.pro-automation.eu\/index.php\/wp-json\/wp\/v2\/types\/page"}],"author":[{"embeddable":true,"href":"https:\/\/www.pro-automation.eu\/index.php\/wp-json\/wp\/v2\/users\/1"}],"replies":[{"embeddable":true,"href":"https:\/\/www.pro-automation.eu\/index.php\/wp-json\/wp\/v2\/comments?post=1062"}],"version-history":[{"count":0,"href":"https:\/\/www.pro-automation.eu\/index.php\/wp-json\/wp\/v2\/pages\/1062\/revisions"}],"wp:featuredmedia":[{"embeddable":true,"href":"https:\/\/www.pro-automation.eu\/index.php\/wp-json\/wp\/v2\/media\/344"}],"wp:attachment":[{"href":"https:\/\/www.pro-automation.eu\/index.php\/wp-json\/wp\/v2\/media?parent=1062"}],"curies":[{"name":"wp","href":"https:\/\/api.w.org\/{rel}","templated":true}]}}