{"id":1998,"date":"2017-05-20T13:45:40","date_gmt":"2017-05-20T11:45:40","guid":{"rendered":"https:\/\/www.pro-automation.eu\/?page_id=1998"},"modified":"2020-11-02T12:36:41","modified_gmt":"2020-11-02T11:36:41","slug":"u-bolt-schrauber","status":"publish","type":"page","link":"https:\/\/www.pro-automation.eu\/index.php\/loesungen-schraubtechnik\/u-bolt-schrauber\/","title":{"rendered":"U-Bolt-Schrauber"},"content":{"rendered":"<p>[et_pb_section fb_built=&#8220;1&#8243; admin_label=&#8220;section&#8220; _builder_version=&#8220;3.22&#8243;][et_pb_row column_structure=&#8220;3_5,2_5&#8243; admin_label=&#8220;row&#8220; _builder_version=&#8220;3.25&#8243; background_size=&#8220;initial&#8220; background_position=&#8220;top_left&#8220; background_repeat=&#8220;repeat&#8220;][et_pb_column type=&#8220;3_5&#8243; _builder_version=&#8220;3.25&#8243; custom_padding=&#8220;|||&#8220; custom_padding__hover=&#8220;|||&#8220;][et_pb_divider show_divider=&#8220;off&#8220; disabled_on=&#8220;on|on|off&#8220; admin_label=&#8220;Teiler&#8220; _builder_version=&#8220;3.23.4&#8243; height=&#8220;10px&#8220; hide_on_mobile=&#8220;on&#8220;] [\/et_pb_divider][et_pb_text admin_label=&#8220;\u00dcberschrif %22U-Bolt-Schrauber%22&#8243; _builder_version=&#8220;3.27.4&#8243; background_size=&#8220;initial&#8220; background_position=&#8220;top_left&#8220; background_repeat=&#8220;repeat&#8220; use_border_color=&#8220;off&#8220; border_color=&#8220;#ffffff&#8220; border_style=&#8220;solid&#8220;]<\/p>\n<h1>U-Bolt-Schrauber<\/h1>\n<p>[\/et_pb_text][et_pb_text admin_label=&#8220;Text&#8220; _builder_version=&#8220;4.3.4&#8243; text_text_color=&#8220;#757575&#8243; text_font_size=&#8220;18px&#8220; background_size=&#8220;initial&#8220; background_position=&#8220;top_left&#8220; background_repeat=&#8220;repeat&#8220; custom_padding=&#8220;15px|15px|15px|15px|false|false&#8220; box_shadow_style=&#8220;preset2&#8243; use_border_color=&#8220;off&#8220; border_color=&#8220;#ffffff&#8220; border_style=&#8220;solid&#8220;]<\/p>\n<p>Die U-Bolts werden h\u00e4ufig in Verbindung mit Blattfedern eingesetzt. Ein U-Bolt-Schrauber f\u00fcr die Montage der Blattfedern gilt in der Schraubtechnik als eine komplizierte Applikation. Dies ist durch mehrere Faktoren begr\u00fcndet. Ein U-Bolt ist eine harte Verschraubung, welche unter einem oder sogar zwei unterschiedlichen Neigungswinkeln realisiert werden muss. Dies macht die L\u00f6sung sehr aufwendig und ziemlich teuer. Zum einen treibt die Komplexit\u00e4t des Schraubers die Konstruktionsstunden nach oben, zum anderen schlagen kostspielige mechanische Komponenten zu Buche.<\/p>\n<h2>Herausforderung<\/h2>\n<p>Die Zustellung der Spindeln erfolgt in L\u00e4ngsrichtung der Schraubenachse. Da die U-Bolts in vielen F\u00e4llen eine V-f\u00f6rmige Geometrie besitzen, ver\u00e4ndert sich infolge der axialen Zustellbewegung der Abstand zwischen den Spindeln. Je tiefer die Spindeln im Laufe des Schraubprozesses sind, desto kleiner wird der Abstand untereinander. Ohne eine Spindelverstellung ist diese Aufgabe kaum zu l\u00f6sen. Linearf\u00fchrungen, Servomotoren und andere, oft teure Teile werden ben\u00f6tigt.<\/p>\n<h2>Extrem hohe Drehmomente und harte Verschraubung<\/h2>\n<p>Typischerweise sind die vorgeschriebenen Drehmomente f\u00fcr U-Bolts sehr hoch. Im Verh\u00e4ltnis zum Drehmoment ist die Klemml\u00e4nge relativ kurz. Dieser Sachverhalt f\u00fchrt dazu, dass das Drehmoment nach der Kopfauflage sprunghaft ansteigt. Dieses Verhalten wird mit dem Begriff \u201eharte Verschraubung\u201c beschrieben.<br \/> Ein harter Schraubfall bedeutet in der Regel mehr Aufwand f\u00fcr die Programmierer, da die rechtzeitige Abschaltung der Schrauber beim Erreichen eines bestimmten Drehmoments und Drehwinkels in k\u00fcrzester Zeit erfolgen muss.<\/p>\n<p>In den letzten 10 Jahren haben wir mehr als 40 unterschiedliche U-Bolt-Schrauber konstruiert und gefertigt.\u00a0Diese Erfahrung spiegelt sich nicht nur in der Qualit\u00e4t unserer L\u00f6sungen, sondern auch in geringeren Konstruktions- und Fertigungskosten wider.<\/p>\n<p>[\/et_pb_text][\/et_pb_column][et_pb_column type=&#8220;2_5&#8243; _builder_version=&#8220;3.25&#8243; custom_padding=&#8220;|||&#8220; custom_padding__hover=&#8220;|||&#8220;][et_pb_divider show_divider=&#8220;off&#8220; _builder_version=&#8220;4.5.3&#8243; _module_preset=&#8220;default&#8220; custom_margin=&#8220;||36px||false|false&#8220;][\/et_pb_divider][et_pb_image src=&#8220;https:\/\/www.pro-automation.eu\/wp-content\/uploads\/2016\/09\/4-Kanal-Schrauber-U-Bolt-1.jpg&#8220; show_in_lightbox=&#8220;on&#8220; align_tablet=&#8220;center&#8220; align_phone=&#8220;&#8220; align_last_edited=&#8220;on|desktop&#8220; admin_label=&#8220;Bild&#8220; _builder_version=&#8220;3.23&#8243; animation_style=&#8220;slide&#8220; animation_direction=&#8220;left&#8220; animation_duration=&#8220;500ms&#8220; animation_intensity_slide=&#8220;10%&#8220; use_border_color=&#8220;off&#8220; border_color=&#8220;#ffffff&#8220; border_style=&#8220;solid&#8220; animation=&#8220;left&#8220; sticky=&#8220;off&#8220; always_center_on_mobile=&#8220;on&#8220;] [\/et_pb_image][\/et_pb_column][\/et_pb_row][\/et_pb_section]<\/p>\n","protected":false},"excerpt":{"rendered":"<p>U-Bolt-Schrauber Die U-Bolts werden h\u00e4ufig in Verbindung mit Blattfedern eingesetzt. Ein U-Bolt-Schrauber f\u00fcr die Montage der Blattfedern gilt in der Schraubtechnik als eine komplizierte Applikation. Dies ist durch mehrere Faktoren begr\u00fcndet. Ein U-Bolt ist eine harte Verschraubung, welche unter einem oder sogar zwei unterschiedlichen Neigungswinkeln realisiert werden muss. Dies macht die L\u00f6sung sehr aufwendig und [&hellip;]<\/p>\n","protected":false},"author":1,"featured_media":1332,"parent":1062,"menu_order":0,"comment_status":"closed","ping_status":"closed","template":"","meta":{"_et_pb_use_builder":"on","_et_pb_old_content":"","_et_gb_content_width":"","footnotes":""},"class_list":["post-1998","page","type-page","status-publish","has-post-thumbnail","hentry"],"_links":{"self":[{"href":"https:\/\/www.pro-automation.eu\/index.php\/wp-json\/wp\/v2\/pages\/1998","targetHints":{"allow":["GET"]}}],"collection":[{"href":"https:\/\/www.pro-automation.eu\/index.php\/wp-json\/wp\/v2\/pages"}],"about":[{"href":"https:\/\/www.pro-automation.eu\/index.php\/wp-json\/wp\/v2\/types\/page"}],"author":[{"embeddable":true,"href":"https:\/\/www.pro-automation.eu\/index.php\/wp-json\/wp\/v2\/users\/1"}],"replies":[{"embeddable":true,"href":"https:\/\/www.pro-automation.eu\/index.php\/wp-json\/wp\/v2\/comments?post=1998"}],"version-history":[{"count":0,"href":"https:\/\/www.pro-automation.eu\/index.php\/wp-json\/wp\/v2\/pages\/1998\/revisions"}],"up":[{"embeddable":true,"href":"https:\/\/www.pro-automation.eu\/index.php\/wp-json\/wp\/v2\/pages\/1062"}],"wp:featuredmedia":[{"embeddable":true,"href":"https:\/\/www.pro-automation.eu\/index.php\/wp-json\/wp\/v2\/media\/1332"}],"wp:attachment":[{"href":"https:\/\/www.pro-automation.eu\/index.php\/wp-json\/wp\/v2\/media?parent=1998"}],"curies":[{"name":"wp","href":"https:\/\/api.w.org\/{rel}","templated":true}]}}