{"id":2456,"date":"2018-02-24T17:49:51","date_gmt":"2018-02-24T16:49:51","guid":{"rendered":"https:\/\/www.pro-automation.eu\/?page_id=2456"},"modified":"2023-10-10T14:00:54","modified_gmt":"2023-10-10T12:00:54","slug":"industrielle-lastsicherung","status":"publish","type":"page","link":"https:\/\/www.pro-automation.eu\/index.php\/industrielle-lastsicherung\/","title":{"rendered":"Industrielle Lastsicherungssystem-iLsa"},"content":{"rendered":"<p>[et_pb_section fb_built=&#8220;1&#8243; custom_padding_last_edited=&#8220;on|phone&#8220; _builder_version=&#8220;4.19.4&#8243; _module_preset=&#8220;default&#8220; custom_margin=&#8220;20px||40px||false|false&#8220; custom_margin_tablet=&#8220;20px||40px||false|false&#8220; custom_margin_phone=&#8220;-2px||-50px||false|false&#8220; custom_margin_last_edited=&#8220;on|phone&#8220; custom_padding=&#8220;||||false|false&#8220; custom_padding_tablet=&#8220;||||false|false&#8220; custom_padding_phone=&#8220;0px||0px||true|false&#8220; global_colors_info=&#8220;{}&#8220;][et_pb_row _builder_version=&#8220;4.19.4&#8243; _module_preset=&#8220;default&#8220; global_colors_info=&#8220;{}&#8220;][et_pb_column type=&#8220;4_4&#8243; _builder_version=&#8220;4.19.4&#8243; _module_preset=&#8220;default&#8220; global_colors_info=&#8220;{}&#8220;][et_pb_text _builder_version=&#8220;4.19.4&#8243; _module_preset=&#8220;default&#8220; background_size=&#8220;initial&#8220; background_position=&#8220;top_left&#8220; background_repeat=&#8220;repeat&#8220; custom_padding=&#8220;15px||10px|15px|false|false&#8220; border_width_all=&#8220;1px&#8220; border_color_all=&#8220;#000000&#8243; global_colors_info=&#8220;{}&#8220;]<\/p>\n<h1>Industrielle Lastsicherung Ilsa<\/h1>\n<p>[\/et_pb_text][\/et_pb_column][\/et_pb_row][\/et_pb_section][et_pb_section fb_built=&#8220;1&#8243; disabled_on=&#8220;on|off|off&#8220; _builder_version=&#8220;4.19.4&#8243; global_colors_info=&#8220;{}&#8220;][et_pb_row _builder_version=&#8220;4.16&#8243; custom_margin=&#8220;||-12px|&#8220; custom_padding=&#8220;||0px|&#8220; global_colors_info=&#8220;{}&#8220;][et_pb_column type=&#8220;4_4&#8243; _builder_version=&#8220;4.16&#8243; custom_padding=&#8220;||0px|&#8220; global_colors_info=&#8220;{}&#8220; custom_padding__hover=&#8220;|||&#8220;][et_pb_divider show_divider=&#8220;off&#8220; _builder_version=&#8220;4.19.4&#8243; global_colors_info=&#8220;{}&#8220;]&nbsp;<br \/>\n[\/et_pb_divider][\/et_pb_column][\/et_pb_row][\/et_pb_section][et_pb_section fb_built=&#8220;1&#8243; _builder_version=&#8220;4.16&#8243; custom_margin=&#8220;-15px|||&#8220; global_colors_info=&#8220;{}&#8220;][et_pb_row column_structure=&#8220;1_2,1_2&#8243; _builder_version=&#8220;4.19.4&#8243; box_shadow_style=&#8220;preset2&#8243; global_colors_info=&#8220;{}&#8220;][et_pb_column type=&#8220;1_2&#8243; _builder_version=&#8220;4.16&#8243; custom_padding=&#8220;|||&#8220; global_colors_info=&#8220;{}&#8220; custom_padding__hover=&#8220;|||&#8220;][et_pb_text _builder_version=&#8220;4.19.4&#8243; text_font=&#8220;||||||||&#8220; text_text_color=&#8220;#292929&#8243; text_font_size=&#8220;18px&#8220; header_2_text_color=&#8220;#757575&#8243; custom_margin=&#8220;||0px|0px&#8220; custom_padding=&#8220;|14px|18px|18px&#8220; global_colors_info=&#8220;{}&#8220;]<\/p>\n<h2>Die zuverl\u00e4ssige iLsa<\/h2>\n<p>Alles, was h\u00e4ngt, kann auch fallen! Und dazu geh\u00f6ren nat\u00fcrlich auch Ger\u00e4te und Werkzeuge, die in Produktionshallen verwendet werden. Die Hallendecke, der Stahlbau und die Schienen werden gerne genutzt, um Lasten aller Art platzsparend anzubringen.<\/p>\n<p>Sind diese zu befestigenden Teile unbeweglich, steht man lediglich vor der Aufgabe eine Reihe statische Berechnungen anzustellen.<\/p>\n<p>Anders sieht es bei Lasten aus, die ihre Position, oder die Position ihrer Bestandteile \u00e4ndern m\u00fcssen. Dies gilt insbesondere f\u00fcr Werkzeuge wie z.B. Schrauber, Manipulatoren, etc.<\/p>\n<p>Obwohl seit geraumer Zeit einige L\u00f6sungen f\u00fcr diese Problematik existieren, scheinen keine dieser L\u00f6sungen f\u00fcr das ganze Spektrum an Herausforderungen ausreichend zu sein.<\/p>\n<p>Gr\u00fcnde daf\u00fcr gibt es mehr als genug. So, zum Beispiel, gilt ein Sicherheitsgurt (auch Fallgurt genannt) als eine der Standardl\u00f6sungen f\u00fcr schraubtechnische Anwendungen.<\/p>\n<p>Das Prinzip ist wohlbekannt \u2013 schlie\u00dflich hat sich ja wohl jeder schon einmal im Auto angeschnallt. Solche Applikationen basieren auf dem Prinzip der \u201eBeschleunigung\u201c.<\/p>\n<p>Angenommen Sie m\u00f6chten sich nach vorne biegen, um z.B. einen Kugelschreiber aus dem Handschuhfach zu nehmen, so l\u00e4sst der Gurt es problemlos zu.<\/p>\n<p>Sind Sie jedoch dabei zu schnell oder bremst der Fahrer in diesem Moment ab, erreicht Ihr K\u00f6rper eine ausreichende Beschleunigung, um den Schutzmechanismus auszul\u00f6sen.<\/p>\n<p>[\/et_pb_text][\/et_pb_column][et_pb_column type=&#8220;1_2&#8243; _builder_version=&#8220;4.16&#8243; custom_padding=&#8220;|||&#8220; global_colors_info=&#8220;{}&#8220; custom_padding__hover=&#8220;|||&#8220;][et_pb_image src=&#8220;https:\/\/www.pro-automation.eu\/wp-content\/uploads\/2018\/02\/FB_Sto\u00dfd\u00e4mpfer-Einheit.jpg&#8220; alt=&#8220;Fallsicherung, iLsa, Lastsicherung, Absturzsicherung&#8220; title_text=&#8220;FB_Sto\u00dfd\u00e4mpfer-Einheit&#8220; _builder_version=&#8220;4.19.4&#8243; _module_preset=&#8220;default&#8220; global_colors_info=&#8220;{}&#8220;][\/et_pb_image][\/et_pb_column][\/et_pb_row][\/et_pb_section][et_pb_section fb_built=&#8220;1&#8243; disabled_on=&#8220;on|off|off&#8220; _builder_version=&#8220;4.19.4&#8243; _module_preset=&#8220;default&#8220; global_colors_info=&#8220;{}&#8220;][et_pb_row _builder_version=&#8220;4.19.4&#8243; _module_preset=&#8220;default&#8220; global_colors_info=&#8220;{}&#8220;][et_pb_column type=&#8220;4_4&#8243; _builder_version=&#8220;4.19.4&#8243; _module_preset=&#8220;default&#8220; global_colors_info=&#8220;{}&#8220;][\/et_pb_column][\/et_pb_row][\/et_pb_section][et_pb_section fb_built=&#8220;1&#8243; module_id=&#8220;layouts&#8220; _builder_version=&#8220;4.16&#8243; global_colors_info=&#8220;{}&#8220;][et_pb_row column_structure=&#8220;1_2,1_2&#8243; disabled_on=&#8220;on|off|off&#8220; _builder_version=&#8220;4.19.4&#8243; background_size=&#8220;initial&#8220; background_position=&#8220;top_left&#8220; background_repeat=&#8220;repeat&#8220; global_colors_info=&#8220;{}&#8220;][et_pb_column type=&#8220;1_2&#8243; _builder_version=&#8220;4.16&#8243; custom_padding=&#8220;|||&#8220; global_colors_info=&#8220;{}&#8220; custom_padding__hover=&#8220;|||&#8220;][et_pb_text _builder_version=&#8220;4.16&#8243; text_font_size=&#8220;40&#8243; text_line_height=&#8220;1.8em&#8220; header_text_color=&#8220;#ffffff&#8220; header_font_size=&#8220;40px&#8220; global_colors_info=&#8220;{}&#8220;]&nbsp;<br \/>\n[\/et_pb_text][\/et_pb_column][et_pb_column type=&#8220;1_2&#8243; _builder_version=&#8220;4.16&#8243; custom_padding=&#8220;|||&#8220; global_colors_info=&#8220;{}&#8220; custom_padding__hover=&#8220;|||&#8220;][et_pb_divider show_divider=&#8220;off&#8220; disabled_on=&#8220;on|on|off&#8220; admin_label=&#8220;Divider&#8220; _builder_version=&#8220;4.16&#8243; height=&#8220;70px&#8220; global_colors_info=&#8220;{}&#8220;]&nbsp;<br \/>\n[\/et_pb_divider][\/et_pb_column][\/et_pb_row][et_pb_row column_structure=&#8220;1_2,1_2&#8243; _builder_version=&#8220;4.19.4&#8243; background_size=&#8220;initial&#8220; background_position=&#8220;top_left&#8220; background_repeat=&#8220;repeat&#8220; custom_margin=&#8220;27px|||&#8220; box_shadow_style=&#8220;preset2&#8243; global_colors_info=&#8220;{}&#8220;][et_pb_column type=&#8220;1_2&#8243; _builder_version=&#8220;4.16&#8243; custom_padding=&#8220;|||&#8220; global_colors_info=&#8220;{}&#8220; custom_padding__hover=&#8220;|||&#8220;][et_pb_text _builder_version=&#8220;4.19.4&#8243; _module_preset=&#8220;default&#8220; text_font_size=&#8220;18px&#8220; custom_margin=&#8220;20px|||20px|false|false&#8220; global_colors_info=&#8220;{}&#8220;]<\/p>\n<h2>Problematik der industriellen Anwendung<\/h2>\n<p>Ebenso verh\u00e4lt es sich an der Produktionslinie: zieht der Werker seinen Mehrfach-Schrauber langsam nach unten, um die Schraubstelle zu erreichen, steht ihm nichts im Wege.<\/p>\n<p>Doch f\u00fcr den Fall, dass das Werkzeug zu Fall kommt, wird es nach ein paar Zentimetern durch die integrierte Sicherung gestoppt. Die L\u00f6sung ist simple und scheint auch sicher zu sein \u2013 aber dies nur auf den ersten Blick. Denn bei genauem Hinsehen tun sich doch eine Handvoll t\u00fcckischer M\u00e4ngel auf.<\/p>\n<p>Die erste Schwierigkeit, die zu beachten ist, bezieht sich auf den Bremsweg. In den meisten F\u00e4llen ist dieser n\u00e4mlich einfach zu lang, um die Sicherheit von Personen zu gew\u00e4hrleisten oder einen Aufprall der Technik zu verhindern. Dies stellt insofern ein Problem dar, als dass keine M\u00f6glichkeit besteht diesen Parameter einzustellen.<\/p>\n<p>&nbsp;<\/p>\n<p>[\/et_pb_text][\/et_pb_column][et_pb_column type=&#8220;1_2&#8243; _builder_version=&#8220;4.16&#8243; custom_padding=&#8220;|||&#8220; global_colors_info=&#8220;{}&#8220; custom_padding__hover=&#8220;|||&#8220;][et_pb_text _builder_version=&#8220;4.19.4&#8243; _module_preset=&#8220;default&#8220; text_font_size=&#8220;18px&#8220; custom_margin=&#8220;20px|10px|||false|false&#8220; hover_enabled=&#8220;0&#8243; global_colors_info=&#8220;{}&#8220; custom_padding_last_edited=&#8220;on|phone&#8220; sticky_enabled=&#8220;0&#8243; custom_padding_phone=&#8220;|||15px|false|false&#8220;]<\/p>\n<p><strong>Das zweite Problem<\/strong> betrifft die Beschleunigung selbst. In vielen F\u00e4llen f\u00fchren einige Versorgungsadern zur Last hin \u2013 seien es Luftschl\u00e4uche oder Kabel. Im Falle eines Unfalls k\u00f6nnen sie die Sturzgeschwindigkeit deutlich reduzieren und so das Ger\u00e4t in seiner Funktion komplett beeintr\u00e4chtigen. Wie in einer Kettenreaktion l\u00f6sen diese zwei Probleme mehrere zus\u00e4tzliche Defizite aus.<\/p>\n<p>So, zum Beispiel, kann auch keine eindeutige Berechnung eines Fangsto\u00dfes erfolgen. Vor diesem Hintergrund, wird leicht ersichtlich, dass auch die Berechnung des Stahlbaus zu einer Herausforderung wird.<\/p>\n<p>Nun geh\u00f6ren all diese Probleme der Vergangenheit an. Unsere L\u00f6sung ist einfach, wirtschaftlich und absolut sicher. Basierend auf einem hydraulischen Bremssystem, f\u00e4ngt das \u201eIndustrielle Lastsicherungssystem\u201c iLsa die gesicherte Last mit absoluter Zuverl\u00e4ssigkeit. Das Ger\u00e4t ist unabh\u00e4ngig von der Sturzgeschwindigkeit und bringt au\u00dferdem zus\u00e4tzlich folgende Vorteile:<\/p>\n<p>[\/et_pb_text][\/et_pb_column][\/et_pb_row][\/et_pb_section][et_pb_section fb_built=&#8220;1&#8243; _builder_version=&#8220;4.16&#8243; parallax=&#8220;on&#8220; global_colors_info=&#8220;{}&#8220;][et_pb_row _builder_version=&#8220;4.16&#8243; custom_padding=&#8220;||0px|||&#8220; global_colors_info=&#8220;{}&#8220;][et_pb_column type=&#8220;4_4&#8243; _builder_version=&#8220;4.16&#8243; custom_padding=&#8220;|||&#8220; global_colors_info=&#8220;{}&#8220; custom_padding__hover=&#8220;|||&#8220;][et_pb_divider show_divider=&#8220;off&#8220; _builder_version=&#8220;4.19.4&#8243; global_colors_info=&#8220;{}&#8220;]&nbsp;<br \/>\n[\/et_pb_divider][\/et_pb_column][\/et_pb_row][et_pb_row column_structure=&#8220;1_4,1_4,1_4,1_4&#8243; _builder_version=&#8220;4.19.4&#8243; background_size=&#8220;initial&#8220; background_position=&#8220;top_left&#8220; background_repeat=&#8220;repeat&#8220; custom_margin=&#8220;42px||-4px|&#8220; global_colors_info=&#8220;{}&#8220;][et_pb_column type=&#8220;1_4&#8243; _builder_version=&#8220;4.16&#8243; custom_padding=&#8220;|||&#8220; global_colors_info=&#8220;{}&#8220; custom_padding__hover=&#8220;|||&#8220;][et_pb_blurb title=&#8220;Berechenbarer Fangsto\u00df&#8220; url=&#8220;#Vorteile&#8220; use_icon=&#8220;on&#8220; font_icon=&#8220;&#x6c;||divi||400&#8243; image_icon_background_color=&#8220;#ffffff&#8220; image_icon_width=&#8220;48px&#8220; admin_label=&#8220;Fangsto\u00df Informationstext&#8220; _builder_version=&#8220;4.16&#8243; header_text_color=&#8220;#086093&#8243; image_icon_custom_padding=&#8220;25px|25px|25px|25px|false|false&#8220; text_orientation=&#8220;center&#8220; border_radii_image=&#8220;on|100%|100%|100%|100%&#8220; border_width_all_image=&#8220;3px&#8220; border_color_all_image=&#8220;#0c71c3&#8243; use_circle=&#8220;on&#8220; use_circle_border=&#8220;on&#8220; circle_border_color=&#8220;#0c71c3&#8243; circle_color=&#8220;#ffffff&#8220; global_colors_info=&#8220;{}&#8220; image_icon_background_color__sticky_enabled=&#8220;#82c5f2&#8243; image_icon_background_color__sticky=&#8220;#82c5f2&#8243;]&nbsp;<br \/>\n[\/et_pb_blurb][\/et_pb_column][et_pb_column type=&#8220;1_4&#8243; _builder_version=&#8220;4.16&#8243; custom_padding=&#8220;|||&#8220; global_colors_info=&#8220;{}&#8220; custom_padding__hover=&#8220;|||&#8220;][et_pb_blurb title=&#8220;Berechenbarer Stahlbau&#8220; url=&#8220;#Stahlbau&#8220; use_icon=&#8220;on&#8220; font_icon=&#8220;&#xe60b;||divi||400&#8243; image_icon_background_color=&#8220;#ffffff&#8220; image_icon_width=&#8220;48px&#8220; admin_label=&#8220;Stahlbau Informationstext&#8220; _builder_version=&#8220;4.19.4&#8243; header_text_color=&#8220;#086093&#8243; image_icon_custom_padding=&#8220;25px|25px|25px|25px|false|false&#8220; text_orientation=&#8220;center&#8220; border_radii_image=&#8220;on|100%|100%|100%|100%&#8220; border_width_all_image=&#8220;3px&#8220; border_color_all_image=&#8220;#0c71c3&#8243; use_circle=&#8220;on&#8220; use_circle_border=&#8220;on&#8220; circle_border_color=&#8220;#0c71c3&#8243; circle_color=&#8220;#ffffff&#8220; global_colors_info=&#8220;{}&#8220; image_icon_background_color__sticky_enabled=&#8220;#82c5f2&#8243; image_icon_background_color__sticky=&#8220;#82c5f2&#8243;][\/et_pb_blurb][\/et_pb_column][et_pb_column type=&#8220;1_4&#8243; _builder_version=&#8220;4.16&#8243; custom_padding=&#8220;|||&#8220; global_colors_info=&#8220;{}&#8220; custom_padding__hover=&#8220;|||&#8220;][et_pb_blurb title=&#8220;Einstellbarer Weg&#8220; url=&#8220;#Weg&#8220; use_icon=&#8220;on&#8220; font_icon=&#8220;&#x67;||divi||400&#8243; image_icon_background_color=&#8220;#ffffff&#8220; image_icon_width=&#8220;48px&#8220; admin_label=&#8220;Einstellbarer Weg Informationstext&#8220; _builder_version=&#8220;4.16&#8243; header_text_color=&#8220;#086093&#8243; image_icon_custom_padding=&#8220;25px|25px|25px|25px|false|false&#8220; text_orientation=&#8220;center&#8220; border_radii_image=&#8220;on|100%|100%|100%|100%&#8220; border_width_all_image=&#8220;3px&#8220; border_color_all_image=&#8220;#0c71c3&#8243; use_circle=&#8220;on&#8220; use_circle_border=&#8220;on&#8220; circle_border_color=&#8220;#0c71c3&#8243; circle_color=&#8220;#ffffff&#8220; global_colors_info=&#8220;{}&#8220; image_icon_background_color__sticky_enabled=&#8220;#82c5f2&#8243; image_icon_background_color__sticky=&#8220;#82c5f2&#8243;]&nbsp;<br \/>\n[\/et_pb_blurb][\/et_pb_column][et_pb_column type=&#8220;1_4&#8243; _builder_version=&#8220;4.16&#8243; custom_padding=&#8220;|||&#8220; global_colors_info=&#8220;{}&#8220; custom_padding__hover=&#8220;|||&#8220;][et_pb_blurb title=&#8220;Vorhersehbares Verhalten&#8220; url=&#8220;#Verhalten&#8220; use_icon=&#8220;on&#8220; font_icon=&#8220;&#xe0e9;||divi||400&#8243; image_icon_background_color=&#8220;#ffffff&#8220; image_icon_width=&#8220;48px&#8220; admin_label=&#8220;Verhalten Informationstext&#8220; _builder_version=&#8220;4.16&#8243; header_text_color=&#8220;#086093&#8243; image_icon_custom_padding=&#8220;25px|25px|25px|25px|false|false&#8220; text_orientation=&#8220;center&#8220; border_radii_image=&#8220;on|100%|100%|100%|100%&#8220; border_width_all_image=&#8220;3px&#8220; border_color_all_image=&#8220;#0c71c3&#8243; use_circle=&#8220;on&#8220; use_circle_border=&#8220;on&#8220; circle_border_color=&#8220;#0c71c3&#8243; circle_color=&#8220;#ffffff&#8220; global_colors_info=&#8220;{}&#8220; image_icon_background_color__sticky_enabled=&#8220;#82c5f2&#8243; image_icon_background_color__sticky=&#8220;#82c5f2&#8243;]&nbsp;<br \/>\n[\/et_pb_blurb][\/et_pb_column][\/et_pb_row][\/et_pb_section][et_pb_section fb_built=&#8220;1&#8243; fullwidth=&#8220;on&#8220; _builder_version=&#8220;4.19.4&#8243; background_enable_color=&#8220;off&#8220; custom_margin=&#8220;22px|||&#8220; custom_padding=&#8220;28px|||&#8220; global_colors_info=&#8220;{}&#8220;][et_pb_fullwidth_header title=&#8220;Vorteile f\u00fcr Konstrukteure und Endkunden&#8220; text_orientation=&#8220;center&#8220; admin_label=&#8220;Vollbreite Kopfzeile Vorteile f\u00fcr Konstrukteure und Endkunden&#8220; _builder_version=&#8220;4.19.4&#8243; title_text_color=&#8220;#5e5e5e&#8220; background_color=&#8220;rgba(255, 255, 255, 0)&#8220; border_width_all=&#8220;2px&#8220; global_colors_info=&#8220;{}&#8220; button_one_text_size__hover_enabled=&#8220;off&#8220; button_two_text_size__hover_enabled=&#8220;off&#8220; button_one_text_color__hover_enabled=&#8220;off&#8220; button_two_text_color__hover_enabled=&#8220;off&#8220; button_one_border_width__hover_enabled=&#8220;off&#8220; button_two_border_width__hover_enabled=&#8220;off&#8220; button_one_border_color__hover_enabled=&#8220;off&#8220; button_two_border_color__hover_enabled=&#8220;off&#8220; button_one_border_radius__hover_enabled=&#8220;off&#8220; button_two_border_radius__hover_enabled=&#8220;off&#8220; button_one_letter_spacing__hover_enabled=&#8220;off&#8220; button_two_letter_spacing__hover_enabled=&#8220;off&#8220; button_one_bg_color__hover_enabled=&#8220;off&#8220; button_two_bg_color__hover_enabled=&#8220;off&#8220;]<\/p>\n<p><a name=\"Vorteile\"><\/a><\/p>\n<p>[\/et_pb_fullwidth_header][\/et_pb_section][et_pb_section fb_built=&#8220;1&#8243; _builder_version=&#8220;4.19.4&#8243; custom_margin=&#8220;10px||||false|false&#8220; global_colors_info=&#8220;{}&#8220;][et_pb_row _builder_version=&#8220;4.16&#8243; background_size=&#8220;initial&#8220; background_position=&#8220;top_left&#8220; background_repeat=&#8220;repeat&#8220; custom_padding=&#8220;28px||13px|&#8220; global_colors_info=&#8220;{}&#8220;][et_pb_column type=&#8220;4_4&#8243; _builder_version=&#8220;4.16&#8243; custom_padding=&#8220;|||&#8220; global_colors_info=&#8220;{}&#8220; custom_padding__hover=&#8220;|||&#8220;][et_pb_blurb title=&#8220;Berechenbarer Fangsto\u00df&#8220; use_icon=&#8220;on&#8220; font_icon=&#8220;&#x6c;||divi||400&#8243; admin_label=&#8220;Informationstext Fangsto\u00df&#8220; _builder_version=&#8220;4.16&#8243; header_font=&#8220;||||||||&#8220; header_font_size=&#8220;24px&#8220; body_font=&#8220;||||||||&#8220; body_text_color=&#8220;#757575&#8243; body_font_size=&#8220;18px&#8220; text_orientation=&#8220;center&#8220; global_colors_info=&#8220;{}&#8220;]ist die wesentliche Eigenschaft unserer Absturzsicherung. Er ist das Synonym f\u00fcr die St\u00fctzkraft aus der Theorie der Mechanik. Bei jeder iLsa-Applikation werden die Auslegungsgr\u00f6\u00dfen: Masse, Weg und Geschwindigkeit in Einklang mit dem gew\u00fcnschten Zielgr\u00f6\u00dfen gebracht. Der Fangsto\u00df ist hierbei eine Ausgangs- bzw. Zielgr\u00f6\u00dfe, die Grundlage f\u00fcr weitere Betrachtungen ist.<br \/>\n[\/et_pb_blurb][et_pb_blurb title=&#8220;Berechenbarer Stahlbau&#8220; use_icon=&#8220;on&#8220; font_icon=&#8220;&#xe60b;||divi||400&#8243; admin_label=&#8220;Informationstext Stahlbau&#8220; _builder_version=&#8220;4.16&#8243; header_font=&#8220;||||||||&#8220; header_font_size=&#8220;24px&#8220; body_font=&#8220;||||||||&#8220; body_text_color=&#8220;#757575&#8243; body_font_size=&#8220;18px&#8220; text_orientation=&#8220;center&#8220; global_colors_info=&#8220;{}&#8220;]<a name=\"Stahlbau\"><\/a><br \/>\nUm den Stahlbau f\u00fcr alle Betriebszust\u00e4nde zu dimensionieren (auch f\u00fcr den Fall einer Havarie) muss der Fangsto\u00df der Applikation bekannt sein. Der gro\u00dfe Vorteil von iLsa ist die Berechenbarkeit des Fangsto\u00dfes. Sie ist eine berechnete Zielgr\u00f6\u00dfe. Die Dimensionierung der tragenden Konstruktion wird so zu einer leichten Aufgabe f\u00fcr den Fachmann.<br \/>\n[\/et_pb_blurb][et_pb_blurb title=&#8220;Einstellbarer Weg&#8220; use_icon=&#8220;on&#8220; font_icon=&#8220;&#x67;||divi||400&#8243; admin_label=&#8220;Informationstext Weg&#8220; _builder_version=&#8220;4.16&#8243; header_font=&#8220;||||||||&#8220; header_font_size=&#8220;24px&#8220; body_font=&#8220;||||||||&#8220; body_text_color=&#8220;#757575&#8243; body_font_size=&#8220;18px&#8220; text_orientation=&#8220;center&#8220; global_colors_info=&#8220;{}&#8220;]<a name=\"Weg\"><\/a><br \/>\nAnders als bei einem Fallgurt, ist der Weg eines hydraulischen Bremssystems einstellbar. Der Hub l\u00e4sst sich nach Wunsch einfach begrenzen.<br \/>\n[\/et_pb_blurb][et_pb_blurb title=&#8220;Vorhersehbares Verhalten&#8220; use_icon=&#8220;on&#8220; font_icon=&#8220;&#xe0e9;||divi||400&#8243; admin_label=&#8220;Informationstext Verhalten&#8220; _builder_version=&#8220;4.16&#8243; header_font=&#8220;||||||||&#8220; header_font_size=&#8220;24px&#8220; body_font=&#8220;||||||||&#8220; body_text_color=&#8220;#757575&#8243; body_font_size=&#8220;18px&#8220; text_orientation=&#8220;center&#8220; global_colors_info=&#8220;{}&#8220;]<a name=\"Verhalten\"><\/a><br \/>\nAus den drei obengenannten Eigenschaften unserer Absturzsicherung resultiert das entscheidende Merkmal dieses Produktes \u2013 ein vorhersehbares Verhalten.<br \/>\n[\/et_pb_blurb][\/et_pb_column][\/et_pb_row][\/et_pb_section][et_pb_section fb_built=&#8220;1&#8243; _builder_version=&#8220;4.16&#8243; global_colors_info=&#8220;{}&#8220;][et_pb_row _builder_version=&#8220;4.16&#8243; global_colors_info=&#8220;{}&#8220;][et_pb_column type=&#8220;4_4&#8243; _builder_version=&#8220;4.16&#8243; custom_padding=&#8220;|||&#8220; global_colors_info=&#8220;{}&#8220; custom_padding__hover=&#8220;|||&#8220;][et_pb_divider _builder_version=&#8220;4.16&#8243; global_colors_info=&#8220;{}&#8220;]&nbsp;<br \/>\n[\/et_pb_divider][\/et_pb_column][\/et_pb_row][\/et_pb_section]<\/p>\n","protected":false},"excerpt":{"rendered":"<p>Industrielle Lastsicherung Ilsa&nbsp; Die zuverl\u00e4ssige iLsa Alles, was h\u00e4ngt, kann auch fallen! Und dazu geh\u00f6ren nat\u00fcrlich auch Ger\u00e4te und Werkzeuge, die in Produktionshallen verwendet werden. Die Hallendecke, der Stahlbau und die Schienen werden gerne genutzt, um Lasten aller Art platzsparend anzubringen. Sind diese zu befestigenden Teile unbeweglich, steht man lediglich vor der Aufgabe eine Reihe [&hellip;]<\/p>\n","protected":false},"author":1,"featured_media":2466,"parent":0,"menu_order":0,"comment_status":"closed","ping_status":"closed","template":"","meta":{"_et_pb_use_builder":"on","_et_pb_old_content":"","_et_gb_content_width":"","footnotes":""},"class_list":["post-2456","page","type-page","status-publish","has-post-thumbnail","hentry"],"_links":{"self":[{"href":"https:\/\/www.pro-automation.eu\/index.php\/wp-json\/wp\/v2\/pages\/2456","targetHints":{"allow":["GET"]}}],"collection":[{"href":"https:\/\/www.pro-automation.eu\/index.php\/wp-json\/wp\/v2\/pages"}],"about":[{"href":"https:\/\/www.pro-automation.eu\/index.php\/wp-json\/wp\/v2\/types\/page"}],"author":[{"embeddable":true,"href":"https:\/\/www.pro-automation.eu\/index.php\/wp-json\/wp\/v2\/users\/1"}],"replies":[{"embeddable":true,"href":"https:\/\/www.pro-automation.eu\/index.php\/wp-json\/wp\/v2\/comments?post=2456"}],"version-history":[{"count":0,"href":"https:\/\/www.pro-automation.eu\/index.php\/wp-json\/wp\/v2\/pages\/2456\/revisions"}],"wp:featuredmedia":[{"embeddable":true,"href":"https:\/\/www.pro-automation.eu\/index.php\/wp-json\/wp\/v2\/media\/2466"}],"wp:attachment":[{"href":"https:\/\/www.pro-automation.eu\/index.php\/wp-json\/wp\/v2\/media?parent=2456"}],"curies":[{"name":"wp","href":"https:\/\/api.w.org\/{rel}","templated":true}]}}