{"id":2503,"date":"2018-05-14T13:57:23","date_gmt":"2018-05-14T11:57:23","guid":{"rendered":"https:\/\/www.pro-automation.eu\/?page_id=2503"},"modified":"2023-10-04T17:18:39","modified_gmt":"2023-10-04T15:18:39","slug":"technisches-consulting","status":"publish","type":"page","link":"https:\/\/www.pro-automation.eu\/index.php\/technisches-consulting\/","title":{"rendered":"Technisches Consulting"},"content":{"rendered":"<p>[et_pb_section fb_built=&#8220;1&#8243; _builder_version=&#8220;4.19.4&#8243; _module_preset=&#8220;default&#8220; custom_margin=&#8220;20px||||false|false&#8220; custom_margin_tablet=&#8220;20px||||false|false&#8220; custom_margin_phone=&#8220;-30px||-134px||false|false&#8220; custom_margin_last_edited=&#8220;on|phone&#8220; global_colors_info=&#8220;{}&#8220;][et_pb_row _builder_version=&#8220;4.19.4&#8243; _module_preset=&#8220;default&#8220; global_colors_info=&#8220;{}&#8220;][et_pb_column type=&#8220;4_4&#8243; _builder_version=&#8220;4.19.4&#8243; _module_preset=&#8220;default&#8220; global_colors_info=&#8220;{}&#8220;][et_pb_text disabled_on=&#8220;on|on|off&#8220; _builder_version=&#8220;4.19.4&#8243; _module_preset=&#8220;default&#8220; background_size=&#8220;initial&#8220; background_position=&#8220;top_left&#8220; background_repeat=&#8220;repeat&#8220; custom_padding=&#8220;15px||10px|15px|false|false&#8220; border_width_all=&#8220;1px&#8220; border_color_all=&#8220;#000000&#8243; global_colors_info=&#8220;{}&#8220;]<\/p>\n<h1 class=\"et_pb_module_header et-fb-editable-element et-fb-editable-element__editing\" data-shortcode-id=\"0.0-1695124768749\" data-quickaccess-id=\"title\" contenteditable=\"true\">Wir integrieren und optimieren Produktionsprozesse<\/h1>\n<p>[\/et_pb_text][et_pb_text disabled_on=&#8220;off|off|on&#8220; _builder_version=&#8220;4.19.4&#8243; _module_preset=&#8220;default&#8220; header_font_size=&#8220;23px&#8220; background_size=&#8220;initial&#8220; background_position=&#8220;top_left&#8220; background_repeat=&#8220;repeat&#8220; custom_padding=&#8220;15px||10px|15px|false|false&#8220; border_width_all=&#8220;1px&#8220; border_color_all=&#8220;#000000&#8243; global_colors_info=&#8220;{}&#8220;]<\/p>\n<h1 class=\"et_pb_module_header et-fb-editable-element et-fb-editable-element__editing\" data-shortcode-id=\"0.0-1695124768749\" data-quickaccess-id=\"title\" contenteditable=\"true\">Wir integrieren und optimieren Produktionsprozesse<\/h1>\n<p>[\/et_pb_text][\/et_pb_column][\/et_pb_row][\/et_pb_section][et_pb_section fb_built=&#8220;1&#8243; _builder_version=&#8220;4.19.4&#8243; custom_margin=&#8220;20px||||false|false&#8220; global_colors_info=&#8220;{}&#8220;][et_pb_row _builder_version=&#8220;4.16&#8243; background_size=&#8220;initial&#8220; background_position=&#8220;top_left&#8220; background_repeat=&#8220;repeat&#8220; global_colors_info=&#8220;{}&#8220;][et_pb_column type=&#8220;4_4&#8243; _builder_version=&#8220;4.16&#8243; custom_padding=&#8220;|||&#8220; global_colors_info=&#8220;{}&#8220; custom_padding__hover=&#8220;|||&#8220;][et_pb_text admin_label=&#8220;Text PROZESSINTEGRATION F\u00dcR DIE INDUSTRIE&#8220; module_id=&#8220;Integration&#8220; _builder_version=&#8220;4.19.4&#8243; custom_margin=&#8220;8px||20px||false|false&#8220; global_colors_info=&#8220;{}&#8220;]<\/p>\n<h2 style=\"text-align: left;\"><strong>Integration neuer Produktionsprozesse<br \/><\/strong><\/h2>\n<p>[\/et_pb_text][\/et_pb_column][\/et_pb_row][et_pb_row column_structure=&#8220;1_2,1_2&#8243; _builder_version=&#8220;4.19.4&#8243; background_size=&#8220;initial&#8220; background_position=&#8220;top_left&#8220; background_repeat=&#8220;repeat&#8220; custom_margin=&#8220;||5px||false|false&#8220; box_shadow_style=&#8220;preset2&#8243; global_colors_info=&#8220;{}&#8220;][et_pb_column type=&#8220;1_2&#8243; _builder_version=&#8220;4.16&#8243; custom_padding=&#8220;|||&#8220; global_colors_info=&#8220;{}&#8220; custom_padding__hover=&#8220;|||&#8220;][et_pb_text _builder_version=&#8220;4.19.4&#8243; text_text_color=&#8220;#000000&#8243; text_font_size=&#8220;18px&#8220; background_size=&#8220;initial&#8220; background_position=&#8220;top_left&#8220; background_repeat=&#8220;repeat&#8220; module_alignment=&#8220;left&#8220; custom_padding=&#8220;20px|20px|160px|20px|false|false&#8220; custom_padding_tablet=&#8220;20px|20px|160px|20px|false|false&#8220; custom_padding_phone=&#8220;20px|20px|0px|20px|false|false&#8220; custom_padding_last_edited=&#8220;on|phone&#8220; border_style=&#8220;solid&#8220; global_colors_info=&#8220;{}&#8220;]<\/p>\n<p>Die Optimierung des Produktionsprozesses ist \u00fcberlebenswichtig. Steigende Qualit\u00e4t und Produktivit\u00e4t bei sinkenden Kosten unter Ber\u00fccksichtigung von gesetzlichen Vorschriften \u2013 ein anspruchsvolles Ziel. Dieses Ziel sichert Ihren Unternehmensbestand am Markt. Wir integrieren neue Produktionsprozesse zu Optimierung der vorhandenen und steigern so die Produktivit\u00e4t der Industrieunternehmen. Wir sind Ihr Gespr\u00e4chspartner zur Analyse des Prozesses. Als Au\u00dfenstehende mit viel Erfahrung sehen wir Ihre Prozesse mit anderen und unabh\u00e4ngigen Augen und finden den Weg, diese zu verbessern.<\/p>\n<h2>Integration der Schraubtechnik<\/h2>\n<p>Als Integrator der Schraubsysteme arbeiten wir mit den Produkten aller Schraubtechnikhersteller. Wir erstellen ein zielf\u00fchrendes Konzept und schaffen auf diese Weise eine solide Basis\u00a0 f\u00fcr die saubere Projektabwicklung. Nach Kundenwunsch nehmen wir die gesamte Integration in unsere Hand und liefern funktionierende Schraubapplikationen.<\/p>\n<h2>Integration der Robotik<\/h2>\n<p>Bei der Prozess-Modernisierung kommt man selten ohne Roboterintegration aus. F\u00fcr einen gesunden Grad der Automatisierung bedarf es Fingerspitzengef\u00fchl und jede Menge Erfahrung \u2013 nur so kann die Wirtschaftlichkeit des Produktionsprozesses erreicht oder verbessert werden.<\/p>\n<h2>Integration der industriellen Bildverarbeitung<\/h2>\n<p>Ein weiterer logischer Schritt bei der Einf\u00fchrung von Robotik ist die Integration der bildverarbeitenden Systeme. Mit Bildverarbeitung kann ein Prozess durch die Maschine gesteuert werden, ohne dem Menschen in wesentlichen Funktionen nachzustehen. \u00a0Mehr noch: Dank dieser Applikationen kann die h\u00f6chste Pr\u00e4zision erreicht werden. Ein weiterer Vorteil ist, dass diese Pr\u00e4zision nicht mehr rein mechanisch basiert ist, wie bei Roboter ohne Integrierter Bildverarbeitung. Das erm\u00f6glicht neue Konzepte mit einer wesentlichen Kostenreduktion.<\/p>\n<p>[\/et_pb_text][\/et_pb_column][et_pb_column type=&#8220;1_2&#8243; _builder_version=&#8220;4.16&#8243; custom_padding=&#8220;|||&#8220; global_colors_info=&#8220;{}&#8220; custom_padding__hover=&#8220;|||&#8220;][et_pb_text _builder_version=&#8220;4.19.4&#8243; text_text_color=&#8220;#000000&#8243; text_font_size=&#8220;18px&#8220; background_size=&#8220;initial&#8220; background_position=&#8220;top_left&#8220; background_repeat=&#8220;repeat&#8220; module_alignment=&#8220;left&#8220; custom_padding=&#8220;20px|20px|160px|20px|false|false&#8220; hover_enabled=&#8220;0&#8243; global_colors_info=&#8220;{}&#8220; custom_padding_last_edited=&#8220;on|phone&#8220; custom_padding_phone=&#8220;||0px||false|false&#8220; custom_margin_last_edited=&#8220;on|phone&#8220; custom_margin_phone=&#8220;||-45px||false|false&#8220; sticky_enabled=&#8220;0&#8243; custom_padding_tablet=&#8220;20px|20px|160px|20px|false|false&#8220;]<\/p>\n<h2>Ein Beispiel aus unserer Praxis<\/h2>\n<p>Ein Automobilzulieferer liefert an Automobilhersteller Getriebe. Urspr\u00fcnglich wird bei der Montage Man Power eingesetzt. Eine der Montage-Aufgaben lautet: In die Kiste mit Schrauben greifen und Schrauben einzeln in die vorgesehenen Gewinde\u00f6ffnungen stecken. Danach wird verschraubt.<\/p>\n<h3>Problembeschreibung<strong>:<\/strong><\/h3>\n<p>Au\u00dfer relativ niedrigem Arbeitstempo, bedingt durch begrenzte menschliche M\u00f6glichkeiten, besteht die Wahrscheinlichkeit eines gravierenden Fehlers. Sollte eine der Schrauben dem Monteur aus den Fingern rutschen, kann sie ins Getriebe gelangen. In diesem Fall muss das ganze Getriebe aufwendig zerlegt werden, um die Schraube zu entfernen.<\/p>\n<p>Erschwerend kommt eine theoretische M\u00f6glichkeit hinzu, dass die Schraube verloren gegangen ist, befindet sich aber gar nicht in dem Getriebe, sondern irgendwo auf dem Boden. Wird die Schraube nicht gefunden, muss das Getriebe trotzdem zerlegt werden, um 100 % Sicherheit zu gew\u00e4hrleisten.<\/p>\n<h3>L\u00f6sung:<\/h3>\n<p>Eine der m\u00f6glichen Probleml\u00f6sungen besteht darin, den Mensch durch einen Roboter zu ersetzen. Um die Pr\u00e4zision und Produktivit\u00e4t dieser Anwendung zu erh\u00f6hen, werden zus\u00e4tzlich eine Kamera und ein Bildverarbeitungsmodul eingesetzt.<\/p>\n<p>Ein Roboter Arm greift die Schraube aus der Kiste und liefert sie zu einem einprogrammierten, durch Koordinaten beschriebenen Punkt.<\/p>\n<p>W\u00e4hrend der Fortsetzung dieser Bewegung wird der Prozess durch eine Kamera beobachtet. Das Bildbearbeitungssystem wertet das Bild aus und gibt die bearbeiteten Daten an SPS weiter. Folglich bekommt der Roboter die Korrekturanweisungen und vollendet den Job mit h\u00f6chster Pr\u00e4zision.<\/p>\n<p>Sollte auch in diesem Fall die Schraube verloren gehen, wird dies doppelt registriert: durch den Roboter und auch durch die Kamera. Ein Fehler ist dabei so gut wie ausgeschlossen.<\/p>\n<p>&nbsp;<\/p>\n<p>[\/et_pb_text][\/et_pb_column][\/et_pb_row][\/et_pb_section][et_pb_section fb_built=&#8220;1&#8243; disabled_on=&#8220;on|off|off&#8220; _builder_version=&#8220;4.19.4&#8243; hover_enabled=&#8220;0&#8243; global_colors_info=&#8220;{}&#8220; sticky_enabled=&#8220;0&#8243;][et_pb_row _builder_version=&#8220;4.16&#8243; global_colors_info=&#8220;{}&#8220;][et_pb_column type=&#8220;4_4&#8243; _builder_version=&#8220;4.16&#8243; global_colors_info=&#8220;{}&#8220;][et_pb_divider show_divider=&#8220;off&#8220; _builder_version=&#8220;4.16&#8243; height=&#8220;30px&#8220; max_height=&#8220;30px&#8220; global_colors_info=&#8220;{}&#8220;][\/et_pb_divider][\/et_pb_column][\/et_pb_row][\/et_pb_section][et_pb_section fb_built=&#8220;1&#8243; _builder_version=&#8220;4.19.4&#8243; _module_preset=&#8220;default&#8220; global_colors_info=&#8220;{}&#8220;][et_pb_row custom_padding_last_edited=&#8220;on|phone&#8220; _builder_version=&#8220;4.19.4&#8243; _module_preset=&#8220;default&#8220; custom_margin_tablet=&#8220;&#8220; custom_margin_phone=&#8220;-100px||-100px||true|false&#8220; custom_margin_last_edited=&#8220;on|phone&#8220; custom_padding_tablet=&#8220;&#8220; custom_padding_phone=&#8220;0px||0px||true|false&#8220; global_colors_info=&#8220;{}&#8220;][et_pb_column type=&#8220;4_4&#8243; _builder_version=&#8220;4.19.4&#8243; _module_preset=&#8220;default&#8220; global_colors_info=&#8220;{}&#8220;][et_pb_text _builder_version=&#8220;4.19.4&#8243; _module_preset=&#8220;default&#8220; custom_padding=&#8220;28px||0px||false|false&#8220; global_colors_info=&#8220;{}&#8220;]<\/p>\n<h2 style=\"text-align: left;\"><strong>Optimieren vorhandener <\/strong><strong>Produktionsprozesse<\/strong><\/h2>\n<h2 style=\"text-align: center;\"><strong>\u00a0<\/strong><\/h2>\n<p>[\/et_pb_text][\/et_pb_column][\/et_pb_row][\/et_pb_section][et_pb_section fb_built=&#8220;1&#8243; _builder_version=&#8220;4.16&#8243; global_colors_info=&#8220;{}&#8220;][et_pb_row column_structure=&#8220;1_2,1_2&#8243; _builder_version=&#8220;4.19.4&#8243; custom_margin=&#8220;26px||26px||true|false&#8220; custom_margin_tablet=&#8220;26px||26px||true|false&#8220; custom_margin_phone=&#8220;-28px||-28px||true|false&#8220; custom_margin_last_edited=&#8220;on|phone&#8220; custom_padding=&#8220;0px||||false|false&#8220; box_shadow_style=&#8220;preset2&#8243; global_colors_info=&#8220;{}&#8220;][et_pb_column type=&#8220;1_2&#8243; _builder_version=&#8220;4.16&#8243; global_colors_info=&#8220;{}&#8220;][et_pb_text _builder_version=&#8220;4.19.4&#8243; text_text_color=&#8220;#000000&#8243; text_font_size=&#8220;18px&#8220; background_size=&#8220;initial&#8220; background_position=&#8220;top_left&#8220; background_repeat=&#8220;repeat&#8220; module_alignment=&#8220;left&#8220; custom_padding=&#8220;20px|20px|160px|20px|false|false&#8220; hover_enabled=&#8220;0&#8243; global_colors_info=&#8220;{}&#8220; custom_padding_last_edited=&#8220;on|phone&#8220; custom_padding_phone=&#8220;20px|20px|60px|20px|false|false&#8220; sticky_enabled=&#8220;0&#8243; custom_padding_tablet=&#8220;20px|20px|160px|20px|false|false&#8220;]<\/p>\n<h2>Produktionsprozessoptimierung und Investitionsplanung<\/h2>\n<p>Eine gezielte Investition ist sowohl Anspruch als auch Erfolg f\u00fcr das Unternehmen. In aller Regel werden Investitionen aus dreierlei Gr\u00fcnden get\u00e4tigt:<\/p>\n<ol>\n<li>um ein Produkt unter Ber\u00fccksichtigung geforderter Qualit\u00e4tsanspr\u00fcche wirtschaftlich zu produzieren,<\/li>\n<li>ge\u00e4nderte gesetzliche Rahmenbedingungen bzw. Richtlinien zu erf\u00fcllen,<\/li>\n<li>eine Steigerung der Produktivit\u00e4t zu erreichen.<\/li>\n<\/ol>\n<p>Den Investitionserfordernissen im Bereich der Prozessoptimierung ist im Fall ge\u00e4nderter gesetzlicher Rahmenbedingungen oder wegen ge\u00e4nderter Qualit\u00e4tsanspr\u00fcche des Kunden unabdingbar zu entsprechen. Hinweise dazu kommen in aller Regel aus der Produktion.<\/p>\n<p>Bei Investitionen, die die Wettbewerbsf\u00e4higkeit betreffen, kommen die Impulse dazu in aller Regel aus der Gesch\u00e4ftsleitung. Es handelt sich hier um Anforderungen marktstrategischer Natur.<\/p>\n<h3>Modernisierung und Optimierung<\/h3>\n<p>Der Marktbegleiter \u00fcbt durch seinen Preis einen Druck aus, der bewertet werden muss. Es geht dabei um die Frage, ob ein bestimmter Preis eine Marketing-Ma\u00dfnahme ist, die nur von vor\u00fcbergehender Bedeutung ist, oder ob der Preis auf einer soliden Kalkulation beruht. Sind Preisanpassungen ohne Weiteres nicht m\u00f6glich, kommt der Produktionsprozess sehr schnell auf den Pr\u00fcfstand!<\/p>\n<p>Die Analyse des Produktionsprozesses soll Informationen verschaffen, die als Entscheidungshilfe dienen, vorhandene Potentiale zu heben oder durch geeignete Modernisierung eine verbesserte Infrastruktur zu schaffen.<\/p>\n<p>Jede Ver\u00e4nderung bzw. Anpassung des Prozesses hat eine Investition zur Folge. Die zu treffende strategische Entscheidung soll dar\u00fcber befinden, in welche Richtung optimiert werden soll. Das orientiert sich an folgenden Kriterien:<\/p>\n<ul>\n<li>Qualit\u00e4t (eine ausreichende Infrastruktur schaffen)<\/li>\n<li>Rentabilit\u00e4t (vorhandene Potentiale heben)<\/li>\n<\/ul>\n<p>Sie bilden den Hintergrund, vor dem die entsprechenden Fragen der Prozessanalyse gestellt werden k\u00f6nnen bzw. m\u00fcssen. Die Sachlage wird besonders un\u00fcbersichtlich, wenn eine Kombination der Analyseschwerpunkte f\u00fcr eine verbesserte Ausbringung hinsichtlich St\u00fcckzahl und Qualit\u00e4t ber\u00fccksichtigt werden m\u00fcssen.<\/p>\n<p>Dieses Ziel wird umgangssprachlich mit \u201efit for future\u201c beschrieben. Die etwas n\u00fcchternere Beschreibung w\u00e4re: Schaffe eine Infrastruktur mit Potential.<\/p>\n<p>Unser Unternehmen liefert Konzepte und Modelle, mit denen sich m\u00f6gliche Prozessvarianten simulieren lassen. Die Taktzeitanalyse des betrachteten Prozesses in Verbindung mit den zu erwartenden Kosten ist die Grundlage einer gesamtwirtschaftlichen Bewertung.<\/p>\n<p>Die strategische Entscheidung kann auf der Grundlage der aufbereiteten Informationen vollzogen werden. Wenn es gew\u00fcnscht ist, kann in einem zweiten Schritt die getroffene Entscheidung gezielt und konkret von uns umgesetzt werden.<\/p>\n<p>Nachfolgend sollen die zwei m\u00f6glichen Analyseschwerpunkte kurz vorgestellt werden.<\/p>\n<p>[\/et_pb_text][\/et_pb_column][et_pb_column type=&#8220;1_2&#8243; _builder_version=&#8220;4.16&#8243; global_colors_info=&#8220;{}&#8220;][et_pb_image src=&#8220;https:\/\/www.pro-automation.eu\/wp-content\/uploads\/2020\/06\/Produktionsprozessoptimierung.jpg&#8220; _builder_version=&#8220;4.19.4&#8243; global_colors_info=&#8220;{}&#8220;][\/et_pb_image][et_pb_text _builder_version=&#8220;4.19.4&#8243; text_text_color=&#8220;#000000&#8243; text_font_size=&#8220;18px&#8220; background_size=&#8220;initial&#8220; background_position=&#8220;top_left&#8220; background_repeat=&#8220;repeat&#8220; module_alignment=&#8220;left&#8220; custom_padding=&#8220;20px|20px|160px|20px|false|false&#8220; hover_enabled=&#8220;0&#8243; global_colors_info=&#8220;{}&#8220; custom_padding_last_edited=&#8220;on|phone&#8220; custom_padding_phone=&#8220;||61px||false|false&#8220; sticky_enabled=&#8220;0&#8243; custom_padding_tablet=&#8220;20px|20px|160px|20px|false|false&#8220;]<\/p>\n<h2>Leistungssteigerung durch Produktionsprozessoptimierung<\/h2>\n<p>Die Qualit\u00e4t des realen Produktionsprozesses steht hier nicht im Fokus, solange sie ausreichend und hinreichend gut ist. Es gilt, das quantitative Potential in dem bestehenden Prozess aufzudecken und zu erschlie\u00dfen bzw. zu heben. Ob der bestehende Produktionsprozess sich so optimieren l\u00e4sst, dass eine gew\u00fcnschte Leistungssteigerung ohne Investitionen in neue Produktionsanlagen erreichbar ist, wird nach einer genauen Betrachtung des Workflows ermittelt und bestimmt. Im Anschluss an die Analyse schlagen wir unseren Kunden gezielte Optimierungsma\u00dfnahmen vor. Wir \u00fcbernehmen gerne die Verantwortung f\u00fcr unsere Empfehlungen, indem wir die Optimierungsma\u00dfnahmen durchf\u00fchren und das versprochene Ergebnis liefern.<\/p>\n<h2>Neue Produktionsprozesse etablieren<\/h2>\n<p>Die klassische Arbeit eines Integrators beginnt mit der aktiven und zielgerichteten Zerlegung der Zielfunktion des Systems in Teilfunktionen, den sogenannten Taktschritten. Knackpunkt ist, die Teilfunktionen so klein zu w\u00e4hlen, dass eine Abbildung auf standardisierte Komponenten m\u00f6glich ist. Die Zerlegung in Teilfunktionen beinhaltet auch das gleichzeitige wieder Zusammensetzen der Einzelfunktionen zur Zielfunktion. Wir treten damit in einen Iterations-\u00a0 und Integrationskreislauf zur Optimierung des Produktionsprozesses ein. H\u00e4ufig h\u00e4ngt das Erreichen der Zielfunktion von einer Kernkomponente ab. Diese ist in aller Regel der Kostentreiber der Anlage. Solche Komponenten k\u00f6nnen schon zur Verf\u00fcgung stehen oder durch den Auftraggeber beigestellt werden.<\/p>\n<p>Der dargelegte Ausflug in das Leben eines Integrators hat folgende Schwerpunkte sichtbar gemacht:<\/p>\n<ul>\n<li>Aus Kostengr\u00fcnden sollten die Teilfunktionen bis hin zu den Elementarfunktionen m\u00f6glichst aus Katalogware realisiert werden. Denn die Produktentwicklung ist eine kostspielige Herausforderung und nicht Gegenstand der Aufgabenstellung.<\/li>\n<li>Ziel ist es, einen Produktionsprozess zu entwickeln, der es erlaubt, das Produkt wirtschaftlich zu realisieren und zugleich den Qualit\u00e4tsvorgaben zu gen\u00fcgen.<\/li>\n<\/ul>\n<p>Der entwickelte Produktionsprozess r\u00fcckt das Produktionsergebnis in den Fokus unserer Arbeit. Es ist also zu kl\u00e4ren, <strong><u>was<\/u><\/strong> unternommen werden muss, damit der Quantensprung gelingt, welcher darin besteht, die Produktionsaufgabe unter Einhaltung der Qualit\u00e4tsanforderungen zu erf\u00fcllen. Wenn unsere Konstrukteure mit der Arbeit beginnen, werden wir auf diese Frage Antworten entwickeln.<\/p>\n<p>Die Investition in die neuen Produktionsanlagen lohnt sich f\u00fcr unsere Kunden immer dann, wenn eine prinzipielle L\u00f6sung f\u00fcr die gestellte Aufgabe mit dem gew\u00fcnschten Ergebnis gefunden wird.<\/p>\n<p>[\/et_pb_text][\/et_pb_column][\/et_pb_row][\/et_pb_section][et_pb_section fb_built=&#8220;1&#8243; _builder_version=&#8220;4.19.4&#8243; _module_preset=&#8220;default&#8220; custom_margin_tablet=&#8220;-54px||-129px||false|false&#8220; custom_margin_phone=&#8220;-54px||-129px||false|false&#8220; custom_margin_last_edited=&#8220;on|tablet&#8220; global_colors_info=&#8220;{}&#8220;][et_pb_row _builder_version=&#8220;4.19.4&#8243; _module_preset=&#8220;default&#8220; global_colors_info=&#8220;{}&#8220;][et_pb_column type=&#8220;4_4&#8243; _builder_version=&#8220;4.19.4&#8243; _module_preset=&#8220;default&#8220; global_colors_info=&#8220;{}&#8220;][et_pb_text _builder_version=&#8220;4.19.4&#8243; _module_preset=&#8220;default&#8220; custom_padding=&#8220;28px||0px||false|false&#8220; global_colors_info=&#8220;{}&#8220;]<\/p>\n<h2 style=\"text-align: left;\"><strong>Eine kleine Geschichte, die Sie bereits kennen<\/strong><\/h2>\n<h2 style=\"text-align: center;\"><strong>\u00a0<\/strong><\/h2>\n<p>[\/et_pb_text][\/et_pb_column][\/et_pb_row][\/et_pb_section][et_pb_section fb_built=&#8220;1&#8243; _builder_version=&#8220;4.16&#8243; global_colors_info=&#8220;{}&#8220;][et_pb_row column_structure=&#8220;1_2,1_2&#8243; _builder_version=&#8220;4.19.4&#8243; background_size=&#8220;initial&#8220; background_position=&#8220;top_left&#8220; background_repeat=&#8220;repeat&#8220; custom_margin=&#8220;15px||||false|false&#8220; box_shadow_style=&#8220;preset2&#8243; global_colors_info=&#8220;{}&#8220;][et_pb_column type=&#8220;1_2&#8243; _builder_version=&#8220;4.16&#8243; custom_padding=&#8220;|||&#8220; global_colors_info=&#8220;{}&#8220; custom_padding__hover=&#8220;|||&#8220;][et_pb_text _builder_version=&#8220;4.19.4&#8243; text_text_color=&#8220;#000000&#8243; text_font_size=&#8220;18px&#8220; background_size=&#8220;initial&#8220; background_position=&#8220;top_left&#8220; background_repeat=&#8220;repeat&#8220; module_alignment=&#8220;left&#8220; min_height=&#8220;474.4px&#8220; custom_padding=&#8220;20px|20px|140px|20px|false|false&#8220; hover_enabled=&#8220;0&#8243; border_style=&#8220;solid&#8220; global_colors_info=&#8220;{}&#8220; custom_padding_last_edited=&#8220;on|phone&#8220; custom_padding_phone=&#8220;20px|20px|0px|20px|false|false&#8220; sticky_enabled=&#8220;0&#8243; custom_padding_tablet=&#8220;20px|20px|140px|20px|false|false&#8220;]<\/p>\n<h3><span style=\"color: #808080;\">Ein gro\u00dfes Projekt steht vor der T\u00fcr und die Vorbereitungsphase macht Schwierigkeiten<\/span><\/h3>\n<p>Konzepterstellung, Lastenheftvorbereitung und daraus resultierende Anfrageunterlagen \u2013 das Fundament eines gut durchdachten Projekts muss tadellos sein.<br \/>Mindestens drei Menschen im Unternehmen sind noch ungl\u00fccklich und nerv\u00f6s, denn wenn es nicht klappt, werden es viel mehr sein.<br \/>Planer, Projektleiter und technischer Eink\u00e4ufer m\u00fcssen jetzt unbedingt diesen ersten Baustein richtig aufsetzen \u2013 dann l\u00e4uft es vern\u00fcnftig!<br \/>\u201eK\u00f6nnen wir es selbst?\u201c, fragt der Eink\u00e4ufer und schielt auf die zwei anderen. Denn er wei\u00df, dass er ein paar Tage sp\u00e4ter, wenn die Angebote da sind, die \u00c4pfel mit Birnen vergleichen muss.<\/p>\n<p>[\/et_pb_text][\/et_pb_column][et_pb_column type=&#8220;1_2&#8243; _builder_version=&#8220;4.16&#8243; custom_padding=&#8220;|||&#8220; global_colors_info=&#8220;{}&#8220; custom_padding__hover=&#8220;|||&#8220;][et_pb_text _builder_version=&#8220;4.19.4&#8243; text_text_color=&#8220;#000000&#8243; text_font_size=&#8220;18px&#8220; background_size=&#8220;initial&#8220; background_position=&#8220;top_left&#8220; background_repeat=&#8220;repeat&#8220; module_alignment=&#8220;left&#8220; custom_padding=&#8220;20px|20px|5px|20px|false|false&#8220; border_style=&#8220;solid&#8220; global_colors_info=&#8220;{}&#8220;]<\/p>\n<h3><span style=\"color: #757575;\">&#8222;Und ob wir das k\u00f6nnen!&#8220;<\/span><\/h3>\n<p>Letztendlich hat das Unternehmen genug gute Ingenieure.<br \/>Aber es wird trotzdem entschieden, die Projektvorbereitung nach drau\u00dfen zu geben, weil die drei Menschen clever und erfahren sind und wissen, dass es das wert ist. Die Vorbereitung wird durch die hochspezialisierten Profis einer Ingenieurfirma \u00fcbernommen, welche das Konzept, das Lastenheft und alles, was dazu geh\u00f6rt, liefern.<br \/>Der Projektleiter ist erfahren genug, um diese Investition nicht als eine unn\u00f6tige Kostenstelle, sondern als Sparma\u00dfnahme zu betrachten.<br \/>Jetzt k\u00f6nnen die Lieferanten schnell angefragt werden. Sie stellen keine unn\u00f6tigen Fragen, geben die Angebote rechtzeitig ab. Diese sind ohne Weiteres vergleichbar: Das Risiko ist minimiert, die Projektlaufzeit verk\u00fcrzt, Kosten sind eingespart.<br \/>Genau das bieten wir Ihnen an!<\/p>\n<p>&nbsp;<\/p>\n<p>[\/et_pb_text][\/et_pb_column][\/et_pb_row][et_pb_row _builder_version=&#8220;4.19.4&#8243; _module_preset=&#8220;default&#8220; global_colors_info=&#8220;{}&#8220;][et_pb_column type=&#8220;4_4&#8243; _builder_version=&#8220;4.19.4&#8243; _module_preset=&#8220;default&#8220; global_colors_info=&#8220;{}&#8220;][et_pb_divider show_divider=&#8220;off&#8220; _builder_version=&#8220;4.19.4&#8243; _module_preset=&#8220;default&#8220; global_colors_info=&#8220;{}&#8220;][\/et_pb_divider][\/et_pb_column][\/et_pb_row][\/et_pb_section]<\/p>\n","protected":false},"excerpt":{"rendered":"<p>Wir integrieren und optimieren ProduktionsprozesseWir integrieren und optimieren ProduktionsprozesseIntegration neuer ProduktionsprozesseDie Optimierung des Produktionsprozesses ist \u00fcberlebenswichtig. Steigende Qualit\u00e4t und Produktivit\u00e4t bei sinkenden Kosten unter Ber\u00fccksichtigung von gesetzlichen Vorschriften \u2013 ein anspruchsvolles Ziel. Dieses Ziel sichert Ihren Unternehmensbestand am Markt. Wir integrieren neue Produktionsprozesse zu Optimierung der vorhandenen und steigern so die Produktivit\u00e4t der Industrieunternehmen. Wir [&hellip;]<\/p>\n","protected":false},"author":1,"featured_media":3642,"parent":0,"menu_order":0,"comment_status":"closed","ping_status":"closed","template":"","meta":{"_et_pb_use_builder":"on","_et_pb_old_content":"","_et_gb_content_width":"","footnotes":""},"class_list":["post-2503","page","type-page","status-publish","has-post-thumbnail","hentry"],"_links":{"self":[{"href":"https:\/\/www.pro-automation.eu\/index.php\/wp-json\/wp\/v2\/pages\/2503","targetHints":{"allow":["GET"]}}],"collection":[{"href":"https:\/\/www.pro-automation.eu\/index.php\/wp-json\/wp\/v2\/pages"}],"about":[{"href":"https:\/\/www.pro-automation.eu\/index.php\/wp-json\/wp\/v2\/types\/page"}],"author":[{"embeddable":true,"href":"https:\/\/www.pro-automation.eu\/index.php\/wp-json\/wp\/v2\/users\/1"}],"replies":[{"embeddable":true,"href":"https:\/\/www.pro-automation.eu\/index.php\/wp-json\/wp\/v2\/comments?post=2503"}],"version-history":[{"count":0,"href":"https:\/\/www.pro-automation.eu\/index.php\/wp-json\/wp\/v2\/pages\/2503\/revisions"}],"wp:featuredmedia":[{"embeddable":true,"href":"https:\/\/www.pro-automation.eu\/index.php\/wp-json\/wp\/v2\/media\/3642"}],"wp:attachment":[{"href":"https:\/\/www.pro-automation.eu\/index.php\/wp-json\/wp\/v2\/media?parent=2503"}],"curies":[{"name":"wp","href":"https:\/\/api.w.org\/{rel}","templated":true}]}}