{"id":3151,"date":"2018-09-26T12:24:00","date_gmt":"2018-09-26T10:24:00","guid":{"rendered":"https:\/\/www.pro-automation.eu\/?page_id=3151"},"modified":"2023-10-10T13:34:24","modified_gmt":"2023-10-10T11:34:24","slug":"pro-arm","status":"publish","type":"page","link":"https:\/\/www.pro-automation.eu\/index.php\/pro-arm\/","title":{"rendered":"Pro-Arm"},"content":{"rendered":"<p>[et_pb_section fb_built=&#8220;1&#8243; custom_padding_last_edited=&#8220;on|phone&#8220; _builder_version=&#8220;4.19.4&#8243; _module_preset=&#8220;default&#8220; custom_margin=&#8220;20px||40px||false|false&#8220; custom_margin_tablet=&#8220;20px||40px||false|false&#8220; custom_margin_phone=&#8220;0px||0px||true|false&#8220; custom_margin_last_edited=&#8220;on|phone&#8220; custom_padding_tablet=&#8220;&#8220; custom_padding_phone=&#8220;0px||0px||true|false&#8220; global_colors_info=&#8220;{}&#8220;][et_pb_row _builder_version=&#8220;4.19.4&#8243; _module_preset=&#8220;default&#8220; global_colors_info=&#8220;{}&#8220;][et_pb_column type=&#8220;4_4&#8243; _builder_version=&#8220;4.19.4&#8243; _module_preset=&#8220;default&#8220; global_colors_info=&#8220;{}&#8220;][et_pb_text admin_label=&#8220;H1 &#8211; Industrielle Bildverarbeitung&#8220; _builder_version=&#8220;4.19.4&#8243; background_size=&#8220;initial&#8220; background_position=&#8220;top_left&#8220; background_repeat=&#8220;repeat&#8220; custom_padding=&#8220;15px||10px|15px|false|false&#8220; border_width_all=&#8220;1px&#8220; border_color_all=&#8220;#000000&#8243; use_border_color=&#8220;off&#8220; border_color=&#8220;#ffffff&#8220; border_style=&#8220;solid&#8220; locked=&#8220;off&#8220; global_colors_info=&#8220;{}&#8220;]<\/p>\n<h1>Pro-Arm<\/h1>\n<p>[\/et_pb_text][\/et_pb_column][\/et_pb_row][\/et_pb_section][et_pb_section fb_built=&#8220;1&#8243; _builder_version=&#8220;4.16&#8243; global_colors_info=&#8220;{}&#8220;][et_pb_row column_structure=&#8220;2_3,1_3&#8243; _builder_version=&#8220;4.19.4&#8243; background_size=&#8220;initial&#8220; background_position=&#8220;top_left&#8220; background_repeat=&#8220;repeat&#8220; box_shadow_style=&#8220;preset2&#8243; global_colors_info=&#8220;{}&#8220;][et_pb_column type=&#8220;2_3&#8243; _builder_version=&#8220;4.16&#8243; custom_padding=&#8220;|||&#8220; global_colors_info=&#8220;{}&#8220; custom_padding__hover=&#8220;|||&#8220;][et_pb_text _builder_version=&#8220;4.19.4&#8243; text_font=&#8220;||||||||&#8220; text_text_color=&#8220;#000000&#8243; text_font_size=&#8220;18px&#8220; header_text_color=&#8220;#757575&#8243; custom_margin=&#8220;20px|||0px|false|false&#8220; custom_padding=&#8220;3px|10px|2px|16px&#8220; hover_enabled=&#8220;0&#8243; global_colors_info=&#8220;{}&#8220; content_last_edited=&#8220;on|phone&#8220; sticky_enabled=&#8220;0&#8243; header_2_font_size_last_edited=&#8220;on|phone&#8220; header_2_font_size_phone=&#8220;20px&#8220; content_tablet=&#8220;<\/p>\n<h2>Ein passender Automatisierungsgrad mit Schraubmanipulatoren von Pro-Automation GmbH<\/h2>\n<p>Auf dem Weg zu einer vollautomatisierten Produktionslinie, durchl\u00e4uft ein Industrieunternehmen fast immer eine lang anhaltende Phase der Zwischenl\u00f6sungen.<\/p>\n<p>Halbautomatisierte Prozesse sind dabei sehr h\u00e4ufig anzutreffen. So erleichtern Manipulatoren jeglicher Art die Montageprozesse, erm\u00f6glichen eine reproduzierbare Qualit\u00e4t der Erzeugnisse und sorgen f\u00fcr die Ergonomie.<\/p>\n<p>Eine Br\u00fccke zu den Prozessen h\u00f6herer Automatisierungsgrade ist hier von N\u00f6ten und wird\u00a0 durch moderne Schnittstellen geschaffen. Diese sorgen f\u00fcr einen automatisierten Austausch von Informationen zwischen dem mechanischen Ereignisfeld und der digitalen Umgebung.<\/p>\n<p>So werden in der Welt der Montage- und Schraubtechnik Manipulatoren oder so genannte Drehmomentarme mit der Abfrage der Spindel-Position verwendet. Die Pr\u00e4zision spielt dabei eine wichtige Rolle &#8211; ein Wegmesssystem kommt hier ins Spiel.<\/p>\n<p>Doch die Anwendung eines Positionserfassungssystems ist nur dann sinnvoll, wenn die Steifigkeit des Arms die n\u00f6tige Pr\u00e4zision erm\u00f6glicht. Die Tauglichkeit f\u00fcr die Drehmomentbelastungen ist daher f\u00fcr solche Spezialmanipulatoren ein Muss.<\/p>\n<p>Der abgebildete Pro-Arm von der Pro Automation GmbH besitzt die von 750mm auf 1500mm ver\u00e4nderbare L\u00e4nge seines Auslegers. Zu dem durch den Kraftschrauber erbrachten Drehmoment, addieren sich die durch die Hebelverh\u00e4ltnisse entstandene Kr\u00e4fte.<br \/>Diese werden aber durch eine richtig ausgelegte Konstruktion in Schach gehalten.<\/p>\n<p>Die Kostenwirtschaftlichkeit und eine lange Lebensdauer der Applikation unter industriellen Bedingungen waren beim Konstruieren dieses Produkts wesentliche Ziele der Leverkusener Ingenieure.<\/p>\n<p>Entstanden ist eine Reihe von standardisierten Schraubmanipulatoren, geeignet f\u00fcr die Drehmomentbereiche von 1 bis zu 100 Nm. Herstellerunabh\u00e4ngig, kann der Pro-Arm mit unterschiedlichen Spindeln sicher und kosteng\u00fcnstig angewendet werden.<\/p>\n<p>Die Manipulatoren befinden sich bereits seit einiger Zeit bei f\u00fchrenden Automobilherstellern im Dauereinsatz und erweisen sich als \u00e4u\u00dferst pflegeleicht und wirtschaftlich.<\/p>\n<p>&nbsp;<\/p>\n<p>&#8220; content_phone=&#8220;<\/p>\n<h2>Ein passender Automatisierungsgrad mit Schraubmanipulatoren von Pro-Automation GmbH<\/h2>\n<p>Auf dem Weg zu einer vollautomatisierten Produktionslinie, durchl\u00e4uft ein Industrieunternehmen fast immer eine lang anhaltende Phase der Zwischenl\u00f6sungen.<\/p>\n<p>Halbautomatisierte Prozesse sind dabei sehr h\u00e4ufig anzutreffen. So erleichtern Manipulatoren jeglicher Art die Montageprozesse, erm\u00f6glichen eine reproduzierbare Qualit\u00e4t der Erzeugnisse und sorgen f\u00fcr die Ergonomie.<\/p>\n<p>Eine Br\u00fccke zu den Prozessen h\u00f6herer Automatisierungsgrade ist hier von N\u00f6ten und wird\u00a0 durch moderne Schnittstellen geschaffen. Diese sorgen f\u00fcr einen automatisierten Austausch von Informationen zwischen dem mechanischen Ereignisfeld und der digitalen Umgebung.<\/p>\n<p>So werden in der Welt der Montage- und Schraubtechnik Manipulatoren oder so genannte Drehmomentarme mit der Abfrage der Spindel-Position verwendet. Die Pr\u00e4zision spielt dabei eine wichtige Rolle &#8211; ein Wegmesssystem kommt hier ins Spiel.<\/p>\n<p>Doch die Anwendung eines Positionserfassungssystems ist nur dann sinnvoll, wenn die Steifigkeit des Arms die n\u00f6tige Pr\u00e4zision erm\u00f6glicht. Die Tauglichkeit f\u00fcr die Drehmomentbelastungen ist daher f\u00fcr solche Spezialmanipulatoren ein Muss.<\/p>\n<p>Der abgebildete Pro-Arm von der Pro Automation GmbH besitzt die von 750mm auf 1500mm ver\u00e4nderbare L\u00e4nge seines Auslegers. Zu dem durch den Kraftschrauber erbrachten Drehmoment, addieren sich die durch die Hebelverh\u00e4ltnisse entstandene Kr\u00e4fte.<br \/>Diese werden aber durch eine richtig ausgelegte Konstruktion in Schach gehalten.<\/p>\n<p>Die Kostenwirtschaftlichkeit und eine lange Lebensdauer der Applikation unter industriellen Bedingungen waren beim Konstruieren dieses Produkts wesentliche Ziele der Leverkusener Ingenieure.<\/p>\n<p>Entstanden ist eine Reihe von standardisierten Schraubmanipulatoren, geeignet f\u00fcr die Drehmomentbereiche von 1 bis zu 100 Nm. Herstellerunabh\u00e4ngig, kann der Pro-Arm mit unterschiedlichen Spindeln sicher und kosteng\u00fcnstig angewendet werden.<\/p>\n<p>Die Manipulatoren befinden sich bereits seit einiger Zeit bei f\u00fchrenden Automobilherstellern im Dauereinsatz und erweisen sich als \u00e4u\u00dferst pflegeleicht und wirtschaftlich.<\/p>\n<p>&nbsp;<\/p>\n<p>&#8222;]<\/p>\n<h2>Ein passender Automatisierungsgrad mit Schraubmanipulatoren von Pro-Automation GmbH<\/h2>\n<p>Auf dem Weg zu einer vollautomatisierten Produktionslinie, durchl\u00e4uft ein Industrieunternehmen fast immer eine lang anhaltende Phase der Zwischenl\u00f6sungen.<\/p>\n<p>Halbautomatisierte Prozesse sind dabei sehr h\u00e4ufig anzutreffen. So erleichtern Manipulatoren jeglicher Art die Montageprozesse, erm\u00f6glichen eine reproduzierbare Qualit\u00e4t der Erzeugnisse und sorgen f\u00fcr die Ergonomie.<\/p>\n<p>Eine Br\u00fccke zu den Prozessen h\u00f6herer Automatisierungsgrade ist hier von N\u00f6ten und wird\u00a0 durch moderne Schnittstellen geschaffen. Diese sorgen f\u00fcr einen automatisierten Austausch von Informationen zwischen dem mechanischen Ereignisfeld und der digitalen Umgebung.<\/p>\n<p>So werden in der Welt der Montage- und Schraubtechnik Manipulatoren oder so genannte Drehmomentarme mit der Abfrage der Spindel-Position verwendet. Die Pr\u00e4zision spielt dabei eine wichtige Rolle &#8211; ein Wegmesssystem kommt hier ins Spiel.<\/p>\n<p>Doch die Anwendung eines Positionserfassungssystems ist nur dann sinnvoll, wenn die Steifigkeit des Arms die n\u00f6tige Pr\u00e4zision erm\u00f6glicht. Die Tauglichkeit f\u00fcr die Drehmomentbelastungen ist daher f\u00fcr solche Spezialmanipulatoren ein Muss.<\/p>\n<p>Der abgebildete Pro-Arm von der Pro Automation GmbH besitzt die von 750mm auf 1500mm ver\u00e4nderbare L\u00e4nge seines Auslegers. Zu dem durch den Kraftschrauber erbrachten Drehmoment, addieren sich die durch die Hebelverh\u00e4ltnisse entstandene Kr\u00e4fte.<br \/>Diese werden aber durch eine richtig ausgelegte Konstruktion in Schach gehalten.<\/p>\n<p>Die Kostenwirtschaftlichkeit und eine lange Lebensdauer der Applikation unter industriellen Bedingungen waren beim Konstruieren dieses Produkts wesentliche Ziele der Leverkusener Ingenieure.<\/p>\n<p>Entstanden ist eine Reihe von standardisierten Schraubmanipulatoren, geeignet f\u00fcr die Drehmomentbereiche von 1 bis zu 100 Nm. Herstellerunabh\u00e4ngig, kann der Pro-Arm mit unterschiedlichen Spindeln sicher und kosteng\u00fcnstig angewendet werden.<\/p>\n<p>Die Manipulatoren befinden sich bereits seit einiger Zeit bei f\u00fchrenden Automobilherstellern im Dauereinsatz und erweisen sich als \u00e4u\u00dferst pflegeleicht und wirtschaftlich.<\/p>\n<p>&nbsp;<\/p>\n<p>[\/et_pb_text][\/et_pb_column][et_pb_column type=&#8220;1_3&#8243; _builder_version=&#8220;4.16&#8243; custom_padding=&#8220;|||&#8220; global_colors_info=&#8220;{}&#8220; custom_padding__hover=&#8220;|||&#8220;][et_pb_image src=&#8220;https:\/\/www.pro-automation.eu\/wp-content\/uploads\/2018\/09\/Pro-Arm-3.jpg&#8220; align_tablet=&#8220;center&#8220; align_phone=&#8220;center&#8220; align_last_edited=&#8220;on|desktop&#8220; _builder_version=&#8220;4.19.4&#8243; custom_margin=&#8220;20px|15px||-13px|false|false&#8220; global_colors_info=&#8220;{}&#8220;][\/et_pb_image][\/et_pb_column][\/et_pb_row][\/et_pb_section]<\/p>\n","protected":false},"excerpt":{"rendered":"<p>Pro-ArmEin passender Automatisierungsgrad mit Schraubmanipulatoren von Pro-Automation GmbH Auf dem Weg zu einer vollautomatisierten Produktionslinie, durchl\u00e4uft ein Industrieunternehmen fast immer eine lang anhaltende Phase der Zwischenl\u00f6sungen. Halbautomatisierte Prozesse sind dabei sehr h\u00e4ufig anzutreffen. So erleichtern Manipulatoren jeglicher Art die Montageprozesse, erm\u00f6glichen eine reproduzierbare Qualit\u00e4t der Erzeugnisse und sorgen f\u00fcr die Ergonomie. Eine Br\u00fccke zu den [&hellip;]<\/p>\n","protected":false},"author":1,"featured_media":3147,"parent":0,"menu_order":0,"comment_status":"closed","ping_status":"closed","template":"","meta":{"_et_pb_use_builder":"on","_et_pb_old_content":"","_et_gb_content_width":"","footnotes":""},"class_list":["post-3151","page","type-page","status-publish","has-post-thumbnail","hentry"],"_links":{"self":[{"href":"https:\/\/www.pro-automation.eu\/index.php\/wp-json\/wp\/v2\/pages\/3151","targetHints":{"allow":["GET"]}}],"collection":[{"href":"https:\/\/www.pro-automation.eu\/index.php\/wp-json\/wp\/v2\/pages"}],"about":[{"href":"https:\/\/www.pro-automation.eu\/index.php\/wp-json\/wp\/v2\/types\/page"}],"author":[{"embeddable":true,"href":"https:\/\/www.pro-automation.eu\/index.php\/wp-json\/wp\/v2\/users\/1"}],"replies":[{"embeddable":true,"href":"https:\/\/www.pro-automation.eu\/index.php\/wp-json\/wp\/v2\/comments?post=3151"}],"version-history":[{"count":0,"href":"https:\/\/www.pro-automation.eu\/index.php\/wp-json\/wp\/v2\/pages\/3151\/revisions"}],"wp:featuredmedia":[{"embeddable":true,"href":"https:\/\/www.pro-automation.eu\/index.php\/wp-json\/wp\/v2\/media\/3147"}],"wp:attachment":[{"href":"https:\/\/www.pro-automation.eu\/index.php\/wp-json\/wp\/v2\/media?parent=3151"}],"curies":[{"name":"wp","href":"https:\/\/api.w.org\/{rel}","templated":true}]}}