{"id":3311,"date":"2019-02-09T18:53:25","date_gmt":"2019-02-09T17:53:25","guid":{"rendered":"https:\/\/www.pro-automation.eu\/?page_id=3311"},"modified":"2023-10-10T14:26:25","modified_gmt":"2023-10-10T12:26:25","slug":"abtriebswellen","status":"publish","type":"page","link":"https:\/\/www.pro-automation.eu\/index.php\/abtriebswellen\/","title":{"rendered":"Abtriebswellen"},"content":{"rendered":"<p>[et_pb_section fb_built=&#8220;1&#8243; _builder_version=&#8220;4.19.4&#8243; _module_preset=&#8220;default&#8220; custom_margin=&#8220;20px||50px||false|false&#8220; hover_enabled=&#8220;0&#8243; global_colors_info=&#8220;{}&#8220; custom_margin_last_edited=&#8220;on|phone&#8220; custom_margin_phone=&#8220;-25px||-25px||true|false&#8220; sticky_enabled=&#8220;0&#8243; custom_margin_tablet=&#8220;20px||50px||false|false&#8220;][et_pb_row _builder_version=&#8220;4.19.4&#8243; _module_preset=&#8220;default&#8220; global_colors_info=&#8220;{}&#8220;][et_pb_column type=&#8220;4_4&#8243; _builder_version=&#8220;4.19.4&#8243; _module_preset=&#8220;default&#8220; global_colors_info=&#8220;{}&#8220;][et_pb_text admin_label=&#8220;H1 &#8211; Industrielle Bildverarbeitung&#8220; _builder_version=&#8220;4.19.4&#8243; background_size=&#8220;initial&#8220; background_position=&#8220;top_left&#8220; background_repeat=&#8220;repeat&#8220; custom_padding=&#8220;15px||10px|15px|false|false&#8220; border_width_all=&#8220;1px&#8220; border_color_all=&#8220;#000000&#8243; use_border_color=&#8220;off&#8220; border_color=&#8220;#ffffff&#8220; border_style=&#8220;solid&#8220; locked=&#8220;off&#8220; global_colors_info=&#8220;{}&#8220;]<\/p>\n<h1>Abtriebswellen<\/h1>\n<p>[\/et_pb_text][\/et_pb_column][\/et_pb_row][\/et_pb_section][et_pb_section fb_built=&#8220;1&#8243; _builder_version=&#8220;4.19.4&#8243; hover_enabled=&#8220;0&#8243; global_colors_info=&#8220;{}&#8220; custom_padding_last_edited=&#8220;on|phone&#8220; custom_padding_phone=&#8220;0px||||false|false&#8220; custom_margin_last_edited=&#8220;on|phone&#8220; custom_margin_phone=&#8220;-60px||||false|false&#8220; sticky_enabled=&#8220;0&#8243;][et_pb_row column_structure=&#8220;1_2,1_2&#8243; _builder_version=&#8220;4.16&#8243; background_size=&#8220;initial&#8220; background_position=&#8220;top_left&#8220; background_repeat=&#8220;repeat&#8220; custom_margin=&#8220;||27px|&#8220; custom_padding=&#8220;15px|15px|21px|27px&#8220; box_shadow_style=&#8220;preset2&#8243; global_colors_info=&#8220;{}&#8220;][et_pb_column type=&#8220;1_2&#8243; _builder_version=&#8220;4.16&#8243; custom_padding=&#8220;|||&#8220; global_colors_info=&#8220;{}&#8220; custom_padding__hover=&#8220;|||&#8220;][et_pb_text _builder_version=&#8220;4.19.4&#8243; text_font_size=&#8220;18px&#8220; global_colors_info=&#8220;{}&#8220;]<\/p>\n<h2>Schrauber sch\u00fctzen<\/h2>\n<p>W\u00e4hrend des Verschraubungsprozesses wirken auf die Spindeln, und dementsprechend auf den ganzen Schrauber, starke Reaktionskr\u00e4fte ein. Besonders bemerkbar machen sich diese bei verl\u00e4ngerten Abtrieben. Um die Spindeln von Querkr\u00e4ften zu sch\u00fctzen, sind speziell ausgelegte Abtriebswellen unabdingbar. Wir konstruieren und fertigen Abtriebe nach DIN-Norm und richten uns nach den W\u00fcnschen unserer Kunden in Bezug auf die jeweilige Schraubapplikation.<\/p>\n<h2>Spindelumbau<\/h2>\n<p>Manchmal ist die Abtriebswelle als Integrationsteil einer Schraubspindel vonn\u00f6ten. In diesem Fall entwickeln wir ein Pr\u00e4zisionsteil mit passender Verzahnung und montieren diese, anstatt des Standardabtriebs, in die Schraubspindel. Selbstverst\u00e4ndlich verf\u00fcgen unsere Produkte \u00fcber ein integriertes Schnellwechselfutter und passende Anlaufringe. Auf Ihren Wunsch fertigen wir f\u00fcr Sie auch Abtriebe in Winkel- und Offset-Bauform\u00a0 an.<\/p>\n<h2>Abtriebe hoher Qualit\u00e4t<\/h2>\n<p>Unsere Abtriebswellen geh\u00f6ren hinsichtlich Konstruktion, Fertigungspr\u00e4zision und Materialqualit\u00e4t zu Qualit\u00e4tsprodukten, die h\u00f6chsten Anspr\u00fcche gerecht werden. Unsere Entwickler sind stets bem\u00fcht unseren Produkten eine Optik zu geben, die ihrer Qualit\u00e4t entspricht. Bitte sprechen Sie uns auf die Konstruktion und Fertigung Ihrer speziellen Anforderungen an! Wir erstellen Ihnen gern ein individuelles Angebot.<\/p>\n<p>[\/et_pb_text][\/et_pb_column][et_pb_column type=&#8220;1_2&#8243; _builder_version=&#8220;4.16&#8243; custom_padding=&#8220;|||&#8220; global_colors_info=&#8220;{}&#8220; custom_padding__hover=&#8220;|||&#8220;][et_pb_image src=&#8220;https:\/\/www.pro-automation.eu\/wp-content\/uploads\/2017\/03\/Abtriebe-Pro-Automation-Produkt-klein-1.jpg&#8220; align_tablet=&#8220;center&#8220; align_phone=&#8220;center&#8220; align_last_edited=&#8220;on|desktop&#8220; _builder_version=&#8220;4.16&#8243; global_colors_info=&#8220;{}&#8220;][\/et_pb_image][et_pb_image src=&#8220;https:\/\/www.pro-automation.eu\/wp-content\/uploads\/2017\/03\/Pro-Automation-Abtriebe-Produkt-6678-klein.jpg&#8220; align_tablet=&#8220;center&#8220; align_phone=&#8220;center&#8220; align_last_edited=&#8220;on|desktop&#8220; _builder_version=&#8220;4.16&#8243; global_colors_info=&#8220;{}&#8220;][\/et_pb_image][\/et_pb_column][\/et_pb_row][\/et_pb_section]<\/p>\n","protected":false},"excerpt":{"rendered":"<p>AbtriebswellenSchrauber sch\u00fctzen W\u00e4hrend des Verschraubungsprozesses wirken auf die Spindeln, und dementsprechend auf den ganzen Schrauber, starke Reaktionskr\u00e4fte ein. Besonders bemerkbar machen sich diese bei verl\u00e4ngerten Abtrieben. Um die Spindeln von Querkr\u00e4ften zu sch\u00fctzen, sind speziell ausgelegte Abtriebswellen unabdingbar. Wir konstruieren und fertigen Abtriebe nach DIN-Norm und richten uns nach den W\u00fcnschen unserer Kunden in Bezug [&hellip;]<\/p>\n","protected":false},"author":1,"featured_media":1918,"parent":0,"menu_order":0,"comment_status":"closed","ping_status":"closed","template":"","meta":{"_et_pb_use_builder":"on","_et_pb_old_content":"","_et_gb_content_width":"","footnotes":""},"class_list":["post-3311","page","type-page","status-publish","has-post-thumbnail","hentry"],"_links":{"self":[{"href":"https:\/\/www.pro-automation.eu\/index.php\/wp-json\/wp\/v2\/pages\/3311","targetHints":{"allow":["GET"]}}],"collection":[{"href":"https:\/\/www.pro-automation.eu\/index.php\/wp-json\/wp\/v2\/pages"}],"about":[{"href":"https:\/\/www.pro-automation.eu\/index.php\/wp-json\/wp\/v2\/types\/page"}],"author":[{"embeddable":true,"href":"https:\/\/www.pro-automation.eu\/index.php\/wp-json\/wp\/v2\/users\/1"}],"replies":[{"embeddable":true,"href":"https:\/\/www.pro-automation.eu\/index.php\/wp-json\/wp\/v2\/comments?post=3311"}],"version-history":[{"count":0,"href":"https:\/\/www.pro-automation.eu\/index.php\/wp-json\/wp\/v2\/pages\/3311\/revisions"}],"wp:featuredmedia":[{"embeddable":true,"href":"https:\/\/www.pro-automation.eu\/index.php\/wp-json\/wp\/v2\/media\/1918"}],"wp:attachment":[{"href":"https:\/\/www.pro-automation.eu\/index.php\/wp-json\/wp\/v2\/media?parent=3311"}],"curies":[{"name":"wp","href":"https:\/\/api.w.org\/{rel}","templated":true}]}}