{"id":4637,"date":"2023-09-13T19:33:32","date_gmt":"2023-09-13T17:33:32","guid":{"rendered":"https:\/\/www.pro-automation.eu\/?page_id=4637"},"modified":"2023-09-15T14:17:43","modified_gmt":"2023-09-15T12:17:43","slug":"start","status":"publish","type":"page","link":"https:\/\/www.pro-automation.eu\/","title":{"rendered":"Startseite"},"content":{"rendered":"<p>[et_pb_section fb_built=&#8220;1&#8243; _builder_version=&#8220;4.19.4&#8243; _module_preset=&#8220;default&#8220; global_colors_info=&#8220;{}&#8220;][et_pb_row column_structure=&#8220;1_2,1_2&#8243; _builder_version=&#8220;4.19.4&#8243; _module_preset=&#8220;default&#8220; width=&#8220;100%&#8220; max_width=&#8220;1666px&#8220; global_colors_info=&#8220;{}&#8220;][et_pb_column type=&#8220;1_2&#8243; _builder_version=&#8220;4.19.4&#8243; _module_preset=&#8220;default&#8220; global_colors_info=&#8220;{}&#8220;][et_pb_image src=&#8220;https:\/\/www.pro-automation.eu\/wp-content\/uploads\/2023\/09\/Startseite-2023-4.jpg&#8220; title_text=&#8220;Startseite 2023-4&#8243; _builder_version=&#8220;4.19.4&#8243; _module_preset=&#8220;default&#8220; custom_margin=&#8220;80px|-219px|80px|2px|true|false&#8220; custom_margin_tablet=&#8220;80px|-219px|80px|2px|true|false&#8220; custom_margin_phone=&#8220;0px||59px||false|false&#8220; custom_margin_last_edited=&#8220;on|desktop&#8220; global_colors_info=&#8220;{}&#8220;][\/et_pb_image][\/et_pb_column][et_pb_column type=&#8220;1_2&#8243; _builder_version=&#8220;4.19.4&#8243; _module_preset=&#8220;default&#8220; global_colors_info=&#8220;{}&#8220;][et_pb_cta title=&#8220;Automatisierung&#8220; _builder_version=&#8220;4.19.4&#8243; _module_preset=&#8220;default&#8220; header_level=&#8220;h1&#8243; header_text_align=&#8220;left&#8220; header_text_color=&#8220;#ed7b01&#8243; header_font_size=&#8220;71px&#8220; body_font=&#8220;Carlito normal||||||||&#8220; body_text_align=&#8220;left&#8220; body_text_color=&#8220;#000000&#8243; body_font_size=&#8220;21px&#8220; background_enable_color=&#8220;off&#8220; background_layout=&#8220;light&#8220; custom_margin=&#8220;200px|-7px|200px|87px|true|false&#8220; custom_margin_tablet=&#8220;200px|-7px|200px|87px|true|false&#8220; custom_margin_phone=&#8220;-15px|-2px|-15px|20px|true|false&#8220; custom_margin_last_edited=&#8220;on|desktop&#8220; custom_padding=&#8220;|18px||62px|false|false&#8220; header_font_size_tablet=&#8220;71px&#8220; header_font_size_phone=&#8220;34px&#8220; header_font_size_last_edited=&#8220;on|phone&#8220; global_colors_info=&#8220;{}&#8220;]<\/p>\n<p>&nbsp;<\/p>\n<p>Analyse von Produktionsprozessen sowie Entwicklung und Planung von Investitionsvorhaben.<\/p>\n<p><strong><\/strong><\/p>\n<p>Das Identifizieren und Heben m\u00f6glicher Potenziale zur Kosteneinsparung und Qualit\u00e4tsverbesserung bestehender Anlagen geh\u00f6rt ebenso zu unseren Leistungen.<\/p>\n<p>[\/et_pb_cta][\/et_pb_column][\/et_pb_row][\/et_pb_section]<\/p>\n","protected":false},"excerpt":{"rendered":"<p>&nbsp; Analyse von Produktionsprozessen sowie Entwicklung und Planung von Investitionsvorhaben. Das Identifizieren und Heben m\u00f6glicher Potenziale zur Kosteneinsparung und Qualit\u00e4tsverbesserung bestehender Anlagen geh\u00f6rt ebenso zu unseren Leistungen.<\/p>\n","protected":false},"author":1,"featured_media":0,"parent":0,"menu_order":0,"comment_status":"closed","ping_status":"closed","template":"","meta":{"_et_pb_use_builder":"on","_et_pb_old_content":"","_et_gb_content_width":"","footnotes":""},"class_list":["post-4637","page","type-page","status-publish","hentry"],"_links":{"self":[{"href":"https:\/\/www.pro-automation.eu\/index.php\/wp-json\/wp\/v2\/pages\/4637","targetHints":{"allow":["GET"]}}],"collection":[{"href":"https:\/\/www.pro-automation.eu\/index.php\/wp-json\/wp\/v2\/pages"}],"about":[{"href":"https:\/\/www.pro-automation.eu\/index.php\/wp-json\/wp\/v2\/types\/page"}],"author":[{"embeddable":true,"href":"https:\/\/www.pro-automation.eu\/index.php\/wp-json\/wp\/v2\/users\/1"}],"replies":[{"embeddable":true,"href":"https:\/\/www.pro-automation.eu\/index.php\/wp-json\/wp\/v2\/comments?post=4637"}],"version-history":[{"count":0,"href":"https:\/\/www.pro-automation.eu\/index.php\/wp-json\/wp\/v2\/pages\/4637\/revisions"}],"wp:attachment":[{"href":"https:\/\/www.pro-automation.eu\/index.php\/wp-json\/wp\/v2\/media?parent=4637"}],"curies":[{"name":"wp","href":"https:\/\/api.w.org\/{rel}","templated":true}]}}